{"id":1218,"date":"2022-03-03T14:36:25","date_gmt":"2022-03-03T14:36:25","guid":{"rendered":"http:\/\/apollobautechnik.ch\/en\/referenzen-2021\/"},"modified":"2024-11-05T14:14:24","modified_gmt":"2024-11-05T14:14:24","slug":"reference-2021","status":"publish","type":"page","link":"https:\/\/apollobautechnik.ch\/en\/reference-2021\/","title":{"rendered":"Reference 2021"},"content":{"rendered":"<section id=\"section-referenzen\" class=\"main-row \"  >\r\n    <div class=\"container\">\r\n                    <div class=\"row\">\r\n\t<div class=\"col-md-12 col-xs-12\" >\r\n\t<div class=\"fw-heading fw-heading-h2 fw-heading-center\">\r\n\t\t<h2 class='fw-special-title'>Referenzen 2021<\/h2>\t<\/div>\r\n              <div class=\"private-ref\">\r\n                  <p>We would be happy to provide private references upon request.<\/p>              <\/div>\r\n<div class=\"fw-table\">\r\n\t<table>\r\n\t\t\t\t\t\t\t\t\t<thead>\r\n\t\t\t\t\t<tr class=\"heading-row\">\r\n\t\t\t\t\t\t\t\t\t\t\t\t\t<th class=\"default-col\">\r\n\t\t\t\t\t\t\t\tOwner \/ Client \r\n\t\t\t\t\t\t\t<\/th>\r\n\t\t\t\t\t\t\t\t\t\t\t\t\t<th class=\"default-col\">\r\n\t\t\t\t\t\t\t\tType of work \r\n\t\t\t\t\t\t\t<\/th>\r\n\t\t\t\t\t\t\t\t\t\t\t\t\t<th class=\"default-col\">\r\n\t\t\t\t\t\t\t\tObject\t\t\t\t\t\t\t<\/th>\r\n\t\t\t\t\t\t\t\t\t\t\t<\/tr>\r\n\t\t\t\t<\/thead>\r\n\t\t\t\t\t\t\t\t\t\t\t\t<tr class=\"default-row\">\r\n\t\t\t\t\t\t\t\t\t\t\t<td class=\"default-col\">\r\n\t\t\t\t\t\t\tEtavis AG\t\r\n\t\t\t\t\t\t<\/td>\r\n\t\t\t\t\t\t\t\t\t\t\t<td class=\"default-col\">\r\n\t\t\t\t\t\t\tUKV Installationen\t\r\n\t\t\t\t\t\t<\/td>\r\n\t\t\t\t\t\t\t\t\t\t\t<td class=\"default-col\">\r\n\t\t\t\t\t\t\tBriefzentrum H\u00e4rkingen, Lischmatt 40, 4624 H\u00e4rkingen\r\n\t\t\t\t\t\t<\/td>\r\n\t\t\t\t\t\t\t\t\t<\/tr>\r\n\t\t\t\t\t\t\t\t\t\t\t\t<tr class=\"default-row\">\r\n\t\t\t\t\t\t\t\t\t\t\t<td class=\"default-col\">\r\n\t\t\t\t\t\t\tSchibli AG\t\r\n\t\t\t\t\t\t<\/td>\r\n\t\t\t\t\t\t\t\t\t\t\t<td class=\"default-col\">\r\n\t\t\t\t\t\t\tTrassenmontage \/lektroinstallationen \/ Stromschienen Konstruktion \/ Spezialanfertigung Steigsch\u00e4chte\r\n\t\t\t\t\t\t<\/td>\r\n\t\t\t\t\t\t\t\t\t\t\t<td class=\"default-col\">\r\n\t\t\t\t\t\t\tNTT Datacenter Hofwiesenstrasse 56, R\u00fcmlang\t\t\t\t\t\t<\/td>\r\n\t\t\t\t\t\t\t\t\t<\/tr>\r\n\t\t\t\t\t\t\t\t\t\t\t\t<tr class=\"default-row\">\r\n\t\t\t\t\t\t\t\t\t\t\t<td class=\"default-col\">\r\n\t\t\t\t\t\t\tZ\u00fcrich Bleicherweg GmbH\t\r\n\t\t\t\t\t\t<\/td>\r\n\t\t\t\t\t\t\t\t\t\t\t<td class=\"default-col\">\r\n\t\t\t\t\t\t\tElektroinstallationen \/ Gipserarbeiten \/ Baumeisterarabeiten \/ Spezielle D\u00e4mmungen \/ Malerarbeiten \/ Brandabschottungen\r\n\t\t\t\t\t\t<\/td>\r\n\t\t\t\t\t\t\t\t\t\t\t<td class=\"default-col\">\r\n\t\t\t\t\t\t\tBleicherweg 10, 8002 Z\u00fcrich\r\n\t\t\t\t\t\t<\/td>\r\n\t\t\t\t\t\t\t\t\t<\/tr>\r\n\t\t\t\t\t\t\t\t\t\t\t\t<tr class=\"default-row\">\r\n\t\t\t\t\t\t\t\t\t\t\t<td class=\"default-col\">\r\n\t\t\t\t\t\t\tSwisspro AG\t\t\t\t\t\t<\/td>\r\n\t\t\t\t\t\t\t\t\t\t\t<td class=\"default-col\">\r\n\t\t\t\t\t\t\tLeuchtschienenmontage \/ Kabelmontage \/ Trassemontage\t\t\t\t\t\t<\/td>\r\n\t\t\t\t\t\t\t\t\t\t\t<td class=\"default-col\">\r\n\t\t\t\t\t\t\tReishauer AG\t\t\t\t\t\t<\/td>\r\n\t\t\t\t\t\t\t\t\t<\/tr>\r\n\t\t\t\t\t\t\t\t\t\t\t\t<tr class=\"default-row\">\r\n\t\t\t\t\t\t\t\t\t\t\t<td class=\"default-col\">\r\n\t\t\t\t\t\t\tSchool of Tomorrow\t\t\t\t\t\t<\/td>\r\n\t\t\t\t\t\t\t\t\t\t\t<td class=\"default-col\">\r\n\t\t\t\t\t\t\tElektroinstallationen\t\t\t\t\t\t<\/td>\r\n\t\t\t\t\t\t\t\t\t\t\t<td class=\"default-col\">\r\n\t\t\t\t\t\t\tAugustinerhof 1, 8001 Z\u00fcrich\t\t\t\t\t\t<\/td>\r\n\t\t\t\t\t\t\t\t\t<\/tr>\r\n\t\t\t\t\t\t\t\t\t\t\t\t<tr class=\"default-row\">\r\n\t\t\t\t\t\t\t\t\t\t\t<td class=\"default-col\">\r\n\t\t\t\t\t\t\tElektro Meier AG\t\t\t\t\t\t<\/td>\r\n\t\t\t\t\t\t\t\t\t\t\t<td class=\"default-col\">\r\n\t\t\t\t\t\t\tElektroinstallationen\t\t\t\t\t\t<\/td>\r\n\t\t\t\t\t\t\t\t\t\t\t<td class=\"default-col\">\r\n\t\t\t\t\t\t\tHolcim Schweiz AG, Zementweg 1, 5303 W\u00fcrenlingen\t\t\t\t\t\t<\/td>\r\n\t\t\t\t\t\t\t\t\t<\/tr>\r\n\t\t\t\t\t\t\t\t\t\t\t\t<tr class=\"default-row\">\r\n\t\t\t\t\t\t\t\t\t\t\t<td class=\"default-col\">\r\n\t\t\t\t\t\t\tSwisspro AG\t\t\t\t\t\t<\/td>\r\n\t\t\t\t\t\t\t\t\t\t\t<td class=\"default-col\">\r\n\t\t\t\t\t\t\tHLKS \/ Lampenschienenmontage + Gitterkanal \/ Kabelbahnmontage\t\t\t\t\t\t<\/td>\r\n\t\t\t\t\t\t\t\t\t\t\t<td class=\"default-col\">\r\n\t\t\t\t\t\t\tNB Embraport\t\t\t\t\t\t<\/td>\r\n\t\t\t\t\t\t\t\t\t<\/tr>\r\n\t\t\t\t\t\t\t\t\t\t\t\t<tr class=\"default-row\">\r\n\t\t\t\t\t\t\t\t\t\t\t<td class=\"default-col\">\r\n\t\t\t\t\t\t\tLivit AG\t\t\t\t\t\t<\/td>\r\n\t\t\t\t\t\t\t\t\t\t\t<td class=\"default-col\">\r\n\t\t\t\t\t\t\tWasserschaden \/ Brandabschottungen \/ Branschutzverkleidung \/ Spezielle Dichtungen und D\u00e4mmungen\t\t\t\t\t\t<\/td>\r\n\t\t\t\t\t\t\t\t\t\t\t<td class=\"default-col\">\r\n\t\t\t\t\t\t\tB\u00f6rsenstrasse 14\/16, 8001 Z\u00fcrich\t\t\t\t\t\t<\/td>\r\n\t\t\t\t\t\t\t\t\t<\/tr>\r\n\t\t\t\t\t\t\t\t\t\t\t\t<tr class=\"default-row\">\r\n\t\t\t\t\t\t\t\t\t\t\t<td class=\"default-col\">\r\n\t\t\t\t\t\t\tB\u00e4r Totalunernehmung\t\t\t\t\t\t<\/td>\r\n\t\t\t\t\t\t\t\t\t\t\t<td class=\"default-col\">\r\n\t\t\t\t\t\t\tTotalsanierung + Einbau K\u00fchlung \/ L\u00fcftung \/ Brandschutzverkleidung \/ Natursteinarbeit \/ Bautrocknung\t\t\t\t\t\t<\/td>\r\n\t\t\t\t\t\t\t\t\t\t\t<td class=\"default-col\">\r\n\t\t\t\t\t\t\tB\u00f6rsenstrasse 14\/16, 8001 Z\u00fcrich\t\t\t\t\t\t<\/td>\r\n\t\t\t\t\t\t\t\t\t<\/tr>\r\n\t\t\t\t\t\t\t\t\t\t\t\t<tr class=\"default-row\">\r\n\t\t\t\t\t\t\t\t\t\t\t<td class=\"default-col\">\r\n\t\t\t\t\t\t\tB\u00e4r Baumanagement AG\t\t\t\t\t\t<\/td>\r\n\t\t\t\t\t\t\t\t\t\t\t<td class=\"default-col\">\r\n\t\t\t\t\t\t\tBodenkanal \/ Brandschutzmassnahmen \/ Brandabschottung \/ Lampen und Leuchten elektroinstallationen\t\t\t\t\t\t<\/td>\r\n\t\t\t\t\t\t\t\t\t\t\t<td class=\"default-col\">\r\n\t\t\t\t\t\t\tTessinerplatz 7, 8002 Z\u00fcrich\t\t\t\t\t\t<\/td>\r\n\t\t\t\t\t\t\t\t\t<\/tr>\r\n\t\t\t\t\t\t\t\t\t\t\t\t<tr class=\"default-row\">\r\n\t\t\t\t\t\t\t\t\t\t\t<td class=\"default-col\">\r\n\t\t\t\t\t\t\tB\u00e4r Baumanagement AG\t\t\t\t\t\t<\/td>\r\n\t\t\t\t\t\t\t\t\t\t\t<td class=\"default-col\">\r\n\t\t\t\t\t\t\tElektroanlagen\t\t\t\t\t\t<\/td>\r\n\t\t\t\t\t\t\t\t\t\t\t<td class=\"default-col\">\r\n\t\t\t\t\t\t\tBadenerstrasse 47, 8004 Z\u00fcrich\t\t\t\t\t\t<\/td>\r\n\t\t\t\t\t\t\t\t\t<\/tr>\r\n\t\t\t\t\t\t\t\t\t\t\t\t<tr class=\"default-row\">\r\n\t\t\t\t\t\t\t\t\t\t\t<td class=\"default-col\">\r\n\t\t\t\t\t\t\tSwisspro AG\t\t\t\t\t\t<\/td>\r\n\t\t\t\t\t\t\t\t\t\t\t<td class=\"default-col\">\r\n\t\t\t\t\t\t\tKabelbahnmontage \/ Elektroinstallation \/ MSA \/ Rohbau\t\t\t\t\t\t<\/td>\r\n\t\t\t\t\t\t\t\t\t\t\t<td class=\"default-col\">\r\n\t\t\t\t\t\t\tAZIG Geeren\t\t\t\t\t\t<\/td>\r\n\t\t\t\t\t\t\t\t\t<\/tr>\r\n\t\t\t\t\t\t\t\t\t\t\t\t<tr class=\"default-row\">\r\n\t\t\t\t\t\t\t\t\t\t\t<td class=\"default-col\">\r\n\t\t\t\t\t\t\tR.Graf & Co. AG\t\t\t\t\t\t<\/td>\r\n\t\t\t\t\t\t\t\t\t\t\t<td class=\"default-col\">\r\n\t\t\t\t\t\t\tElektroinstallationen\t\t\t\t\t\t<\/td>\r\n\t\t\t\t\t\t\t\t\t\t\t<td class=\"default-col\">\r\n\t\t\t\t\t\t\tBaustelle, Br\u00fctsch Elektronik\t\t\t\t\t\t<\/td>\r\n\t\t\t\t\t\t\t\t\t<\/tr>\r\n\t\t\t\t\t\t\t\t\t\t\t\t<tr class=\"default-row\">\r\n\t\t\t\t\t\t\t\t\t\t\t<td class=\"default-col\">\r\n\t\t\t\t\t\t\tB\u00e4r Baumanagement AG\t\t\t\t\t\t<\/td>\r\n\t\t\t\t\t\t\t\t\t\t\t<td class=\"default-col\">\r\n\t\t\t\t\t\t\tBrandschutzverkleidung \/ Brandschutzmassnahmen\t\t\t\t\t\t<\/td>\r\n\t\t\t\t\t\t\t\t\t\t\t<td class=\"default-col\">\r\n\t\t\t\t\t\t\tZweierplatz, Badenerstrasse 47, Z\u00fcrich\t\t\t\t\t\t<\/td>\r\n\t\t\t\t\t\t\t\t\t<\/tr>\r\n\t\t\t\t\t\t\t\t\t\t\t\t<tr class=\"default-row\">\r\n\t\t\t\t\t\t\t\t\t\t\t<td class=\"default-col\">\r\n\t\t\t\t\t\t\tB\u00e4r Baumanagement AG\t\t\t\t\t\t<\/td>\r\n\t\t\t\t\t\t\t\t\t\t\t<td class=\"default-col\">\r\n\t\t\t\t\t\t\t\t\t\t\t\t\t<\/td>\r\n\t\t\t\t\t\t\t\t\t\t\t<td class=\"default-col\">\r\n\t\t\t\t\t\t\tHochhaus zur Palme, Bleicherweg 33, 8002 Z\u00fcrich\t\t\t\t\t\t<\/td>\r\n\t\t\t\t\t\t\t\t\t<\/tr>\r\n\t\t\t\t\t\t\t\t\t\t\t\t<tr class=\"default-row\">\r\n\t\t\t\t\t\t\t\t\t\t\t<td class=\"default-col\">\r\n\t\t\t\t\t\t\tArnold AG\t\t\t\t\t\t<\/td>\r\n\t\t\t\t\t\t\t\t\t\t\t<td class=\"default-col\">\r\n\t\t\t\t\t\t\tElektroinstallationen\t\t\t\t\t\t<\/td>\r\n\t\t\t\t\t\t\t\t\t\t\t<td class=\"default-col\">\r\n\t\t\t\t\t\t\tDatacenter R\u00fcmlang ZRH1 BT-B\t\t\t\t\t\t<\/td>\r\n\t\t\t\t\t\t\t\t\t<\/tr>\r\n\t\t\t\t\t\t\t\t\t\t\t\t<tr class=\"default-row\">\r\n\t\t\t\t\t\t\t\t\t\t\t<td class=\"default-col\">\r\n\t\t\t\t\t\t\tSwisspro AG\t\t\t\t\t\t<\/td>\r\n\t\t\t\t\t\t\t\t\t\t\t<td class=\"default-col\">\r\n\t\t\t\t\t\t\tTrassenmontage\t\t\t\t\t\t<\/td>\r\n\t\t\t\t\t\t\t\t\t\t\t<td class=\"default-col\">\r\n\t\t\t\t\t\t\tUB Mehrwerk Uster\t\t\t\t\t\t<\/td>\r\n\t\t\t\t\t\t\t\t\t<\/tr>\r\n\t\t\t\t\t\t\t\t\t\t\t\t<tr class=\"default-row\">\r\n\t\t\t\t\t\t\t\t\t\t\t<td class=\"default-col\">\r\n\t\t\t\t\t\t\tElektro Meier AG\t\t\t\t\t\t<\/td>\r\n\t\t\t\t\t\t\t\t\t\t\t<td class=\"default-col\">\r\n\t\t\t\t\t\t\tElektroinstallationen\t\t\t\t\t\t<\/td>\r\n\t\t\t\t\t\t\t\t\t\t\t<td class=\"default-col\">\r\n\t\t\t\t\t\t\tInstallation Gewerbeboxen Kriens\t\t\t\t\t\t<\/td>\r\n\t\t\t\t\t\t\t\t\t<\/tr>\r\n\t\t\t\t\t\t\t\t\t\t\t\t<tr class=\"default-row\">\r\n\t\t\t\t\t\t\t\t\t\t\t<td class=\"default-col\">\r\n\t\t\t\t\t\t\tThe Flag Z\u00fcrich\t\t\t\t\t\t<\/td>\r\n\t\t\t\t\t\t\t\t\t\t\t<td class=\"default-col\">\r\n\t\t\t\t\t\t\tElektroinstallationen\t\t\t\t\t\t<\/td>\r\n\t\t\t\t\t\t\t\t\t\t\t<td class=\"default-col\">\r\n\t\t\t\t\t\t\tThe Flag, Baslerstrasse 100, 8048 Z\u00fcrich\t\t\t\t\t\t<\/td>\r\n\t\t\t\t\t\t\t\t\t<\/tr>\r\n\t\t\t\t\t\t\t\t\t\t\t\t<tr class=\"default-row\">\r\n\t\t\t\t\t\t\t\t\t\t\t<td class=\"default-col\">\r\n\t\t\t\t\t\t\tElektro meier AG\t\t\t\t\t\t<\/td>\r\n\t\t\t\t\t\t\t\t\t\t\t<td class=\"default-col\">\r\n\t\t\t\t\t\t\tMontage Flachband\t\t\t\t\t\t<\/td>\r\n\t\t\t\t\t\t\t\t\t\t\t<td class=\"default-col\">\r\n\t\t\t\t\t\t\tE-Mobility\t\t\t\t\t\t<\/td>\r\n\t\t\t\t\t\t\t\t\t<\/tr>\r\n\t\t\t\t\t\t\t\t\t\t\t\t<tr class=\"default-row\">\r\n\t\t\t\t\t\t\t\t\t\t\t<td class=\"default-col\">\r\n\t\t\t\t\t\t\tEtavis AG\t\t\t\t\t\t<\/td>\r\n\t\t\t\t\t\t\t\t\t\t\t<td class=\"default-col\">\r\n\t\t\t\t\t\t\tKabelbahn und Lampenschienenmontage \/ Lautsprecher \/ HLKS\/MSRL\/BSK - Anlagen\t\t\t\t\t\t<\/td>\r\n\t\t\t\t\t\t\t\t\t\t\t<td class=\"default-col\">\r\n\t\t\t\t\t\t\tLidl Neubau\t\t\t\t\t\t<\/td>\r\n\t\t\t\t\t\t\t\t\t<\/tr>\r\n\t\t\t\t\t\t\t\t\t\t\t\t<tr class=\"default-row\">\r\n\t\t\t\t\t\t\t\t\t\t\t<td class=\"default-col\">\r\n\t\t\t\t\t\t\tEtavis AG\t\t\t\t\t\t<\/td>\r\n\t\t\t\t\t\t\t\t\t\t\t<td class=\"default-col\">\r\n\t\t\t\t\t\t\tElektroinstallationen\t\t\t\t\t\t<\/td>\r\n\t\t\t\t\t\t\t\t\t\t\t<td class=\"default-col\">\r\n\t\t\t\t\t\t\tFrachtstrasse\t\t\t\t\t\t<\/td>\r\n\t\t\t\t\t\t\t\t\t<\/tr>\r\n\t\t\t\t\t\t\t\t\t\t\t\t<tr class=\"default-row\">\r\n\t\t\t\t\t\t\t\t\t\t\t<td class=\"default-col\">\r\n\t\t\t\t\t\t\tBau- und Verwaltungs-Gesellschaft AG\t\t\t\t\t\t<\/td>\r\n\t\t\t\t\t\t\t\t\t\t\t<td class=\"default-col\">\r\n\t\t\t\t\t\t\tBaumeisterarbeiten \/ Gipserarbeiten \/ Malerarbeiten \/ Wand-und Bodenbel\u00e4ge\t\t\t\t\t\t<\/td>\r\n\t\t\t\t\t\t\t\t\t\t\t<td class=\"default-col\">\r\n\t\t\t\t\t\t\tGoldschmiedstrasse 13, 8102 Oberengstringen\t\t\t\t\t\t<\/td>\r\n\t\t\t\t\t\t\t\t\t<\/tr>\r\n\t\t\t\t\t\t\t\t\t\t\t\t<tr class=\"default-row\">\r\n\t\t\t\t\t\t\t\t\t\t\t<td class=\"default-col\">\r\n\t\t\t\t\t\t\tBouygues E&S InTec Schweiz AG\t\t\t\t\t\t<\/td>\r\n\t\t\t\t\t\t\t\t\t\t\t<td class=\"default-col\">\r\n\t\t\t\t\t\t\tLampenschienenmontage und Kabelbahnmontage\t\t\t\t\t\t<\/td>\r\n\t\t\t\t\t\t\t\t\t\t\t<td class=\"default-col\">\r\n\t\t\t\t\t\t\tLosinger-Morazzi\t\t\t\t\t\t<\/td>\r\n\t\t\t\t\t\t\t\t\t<\/tr>\r\n\t\t\t\t\t\t\t\t\t\t\t\t<tr class=\"default-row\">\r\n\t\t\t\t\t\t\t\t\t\t\t<td class=\"default-col\">\r\n\t\t\t\t\t\t\tEKZ Eltop AG\t\t\t\t\t\t<\/td>\r\n\t\t\t\t\t\t\t\t\t\t\t<td class=\"default-col\">\r\n\t\t\t\t\t\t\tKabelbahnmontage\t\t\t\t\t\t<\/td>\r\n\t\t\t\t\t\t\t\t\t\t\t<td class=\"default-col\">\r\n\t\t\t\t\t\t\tZentrum Regensdorf\t\t\t\t\t\t<\/td>\r\n\t\t\t\t\t\t\t\t\t<\/tr>\r\n\t\t\t\t\t\t\t\t\t\t\t\t<tr class=\"default-row\">\r\n\t\t\t\t\t\t\t\t\t\t\t<td class=\"default-col\">\r\n\t\t\t\t\t\t\tSwiss Life AG\t\t\t\t\t\t<\/td>\r\n\t\t\t\t\t\t\t\t\t\t\t<td class=\"default-col\">\r\n\t\t\t\t\t\t\tElektroinstallationen\t\t\t\t\t\t<\/td>\r\n\t\t\t\t\t\t\t\t\t\t\t<td class=\"default-col\">\r\n\t\t\t\t\t\t\tM\u00fchlebachstrasse 54, 8008 Z\u00fcrich\t\t\t\t\t\t<\/td>\r\n\t\t\t\t\t\t\t\t\t<\/tr>\r\n\t\t\t\t\t\t\t\t\t\t\t\t<tr class=\"default-row\">\r\n\t\t\t\t\t\t\t\t\t\t\t<td class=\"default-col\">\r\n\t\t\t\t\t\t\tLanz Oensingen AG\t\t\t\t\t\t<\/td>\r\n\t\t\t\t\t\t\t\t\t\t\t<td class=\"default-col\">\r\n\t\t\t\t\t\t\tTrassenmontage \/ Trassenmaterial Transport\t\t\t\t\t\t<\/td>\r\n\t\t\t\t\t\t\t\t\t\t\t<td class=\"default-col\">\r\n\t\t\t\t\t\t\tNB Datacenter, Hofwiesenstrasse 56, R\u00fcmlang\t\t\t\t\t\t<\/td>\r\n\t\t\t\t\t\t\t\t\t<\/tr>\r\n\t\t\t\t\t\t\t\t\t\t\t\t<tr class=\"default-row\">\r\n\t\t\t\t\t\t\t\t\t\t\t<td class=\"default-col\">\r\n\t\t\t\t\t\t\tBolia.com\t\t\t\t\t\t<\/td>\r\n\t\t\t\t\t\t\t\t\t\t\t<td class=\"default-col\">\r\n\t\t\t\t\t\t\tElektroinstallationen\t\t\t\t\t\t<\/td>\r\n\t\t\t\t\t\t\t\t\t\t\t<td class=\"default-col\">\r\n\t\t\t\t\t\t\tNTT Datacenter Hofwiesenstrasse 56, R\u00fcmlang\t\t\t\t\t\t<\/td>\r\n\t\t\t\t\t\t\t\t\t<\/tr>\r\n\t\t\t\t\t\t\t\t\t\t\t\t<tr class=\"default-row\">\r\n\t\t\t\t\t\t\t\t\t\t\t<td class=\"default-col\">\r\n\t\t\t\t\t\t\tB\u00e4r Baumanagement AG\t\t\t\t\t\t<\/td>\r\n\t\t\t\t\t\t\t\t\t\t\t<td class=\"default-col\">\r\n\t\t\t\t\t\t\tElektroinstallationen \/ Bodenbel\u00e4ge \/ Gipserarbeiten \/ Baumeisterarbeiten \/ Spezielle D\u00e4mmungen \/ Malerarbeiten\t\t\t\t\t\t<\/td>\r\n\t\t\t\t\t\t\t\t\t\t\t<td class=\"default-col\">\r\n\t\t\t\t\t\t\tZusatzauftrag - Bleicherweg 10, 8002 Z\u00fcrich - Sanierung Spaces Z\u00fcrich 3.OG\t\t\t\t\t\t<\/td>\r\n\t\t\t\t\t\t\t\t\t<\/tr>\r\n\t\t\t\t\t\t\t\t\t\t\t\t<tr class=\"default-row\">\r\n\t\t\t\t\t\t\t\t\t\t\t<td class=\"default-col\">\r\n\t\t\t\t\t\t\tB\u00e4r Baumanagement AG\t\t\t\t\t\t<\/td>\r\n\t\t\t\t\t\t\t\t\t\t\t<td class=\"default-col\">\r\n\t\t\t\t\t\t\tElektroanlagen \/ Div. Brandschutzmassnahmen \/ Brandabschottung\t\t\t\t\t\t<\/td>\r\n\t\t\t\t\t\t\t\t\t\t\t<td class=\"default-col\">\r\n\t\t\t\t\t\t\tAugustinerhof 1, Z\u00fcrich\t\t\t\t\t\t<\/td>\r\n\t\t\t\t\t\t\t\t\t<\/tr>\r\n\t\t\t\t\t\t\t\t\t\t\t\t<tr class=\"default-row\">\r\n\t\t\t\t\t\t\t\t\t\t\t<td class=\"default-col\">\r\n\t\t\t\t\t\t\tEtavis AG\t\t\t\t\t\t<\/td>\r\n\t\t\t\t\t\t\t\t\t\t\t<td class=\"default-col\">\r\n\t\t\t\t\t\t\tHLKS, Trassemontage\t\t\t\t\t\t<\/td>\r\n\t\t\t\t\t\t\t\t\t\t\t<td class=\"default-col\">\r\n\t\t\t\t\t\t\tABB Baden - HLK\t\t\t\t\t\t<\/td>\r\n\t\t\t\t\t\t\t\t\t<\/tr>\r\n\t\t\t\t\t\t\t\t\t\t\t\t<tr class=\"default-row\">\r\n\t\t\t\t\t\t\t\t\t\t\t<td class=\"default-col\">\r\n\t\t\t\t\t\t\tSwisspro AG\t\t\t\t\t\t<\/td>\r\n\t\t\t\t\t\t\t\t\t\t\t<td class=\"default-col\">\r\n\t\t\t\t\t\t\tSpitzarbeiten\t\t\t\t\t\t<\/td>\r\n\t\t\t\t\t\t\t\t\t\t\t<td class=\"default-col\">\r\n\t\t\t\t\t\t\tRohbau - Spitzarbeiten AZIG Geeren\t\t\t\t\t\t<\/td>\r\n\t\t\t\t\t\t\t\t\t<\/tr>\r\n\t\t\t\t\t\t\t\t\t\t\t\t<tr class=\"default-row\">\r\n\t\t\t\t\t\t\t\t\t\t\t<td class=\"default-col\">\r\n\t\t\t\t\t\t\tONE Swiss Bank\t\t\t\t\t\t<\/td>\r\n\t\t\t\t\t\t\t\t\t\t\t<td class=\"default-col\">\r\n\t\t\t\t\t\t\tElektroinstallationen\t\t\t\t\t\t<\/td>\r\n\t\t\t\t\t\t\t\t\t\t\t<td class=\"default-col\">\r\n\t\t\t\t\t\t\tLWL Kabelzug Bahnhofstrasse 17, 8001 Z\u00fcrich\t\t\t\t\t\t<\/td>\r\n\t\t\t\t\t\t\t\t\t<\/tr>\r\n\t\t\t\t\t\t\t\t\t\t\t\t<tr class=\"default-row\">\r\n\t\t\t\t\t\t\t\t\t\t\t<td class=\"default-col\">\r\n\t\t\t\t\t\t\tQuintet Private Bank AG\t\t\t\t\t\t<\/td>\r\n\t\t\t\t\t\t\t\t\t\t\t<td class=\"default-col\">\r\n\t\t\t\t\t\t\tElektronstallationen \/ Brandschutzmassnahmen \/ Leuchten Montage \/ Elektroanlagen\t\t\t\t\t\t<\/td>\r\n\t\t\t\t\t\t\t\t\t\t\t<td class=\"default-col\">\r\n\t\t\t\t\t\t\tMieterumbau, Gartenstrasse 14, Z\u00fcrich\t\t\t\t\t\t<\/td>\r\n\t\t\t\t\t\t\t\t\t<\/tr>\r\n\t\t\t\t\t\t\t\t\t\t\t\t<tr class=\"default-row\">\r\n\t\t\t\t\t\t\t\t\t\t\t<td class=\"default-col\">\r\n\t\t\t\t\t\t\tBloomberg Z\u00fcrich\t\t\t\t\t\t<\/td>\r\n\t\t\t\t\t\t\t\t\t\t\t<td class=\"default-col\">\r\n\t\t\t\t\t\t\tElektroinstallationen\t\t\t\t\t\t<\/td>\r\n\t\t\t\t\t\t\t\t\t\t\t<td class=\"default-col\">\r\n\t\t\t\t\t\t\tBahnhofstrasse 13-17, Z\u00fcrich\t\t\t\t\t\t<\/td>\r\n\t\t\t\t\t\t\t\t\t<\/tr>\r\n\t\t\t\t\t\t\t\t\t\t\t\t<tr class=\"default-row\">\r\n\t\t\t\t\t\t\t\t\t\t\t<td class=\"default-col\">\r\n\t\t\t\t\t\t\tR.Graf & Co. AG\t\t\t\t\t\t<\/td>\r\n\t\t\t\t\t\t\t\t\t\t\t<td class=\"default-col\">\r\n\t\t\t\t\t\t\tElektroinstallationen\t\t\t\t\t\t<\/td>\r\n\t\t\t\t\t\t\t\t\t\t\t<td class=\"default-col\">\r\n\t\t\t\t\t\t\tBaustelle Implenia, R\u00fctenweg 4, R\u00fctenenweg 4, 8245 Feuerthalen\t\t\t\t\t\t<\/td>\r\n\t\t\t\t\t\t\t\t\t<\/tr>\r\n\t\t\t\t\t\t\t\t\t\t\t\t<tr class=\"default-row\">\r\n\t\t\t\t\t\t\t\t\t\t\t<td class=\"default-col\">\r\n\t\t\t\t\t\t\tSwisspro AG\t\t\t\t\t\t<\/td>\r\n\t\t\t\t\t\t\t\t\t\t\t<td class=\"default-col\">\r\n\t\t\t\t\t\t\tSpitzarbeiten \/ UKV\t\t\t\t\t\t<\/td>\r\n\t\t\t\t\t\t\t\t\t\t\t<td class=\"default-col\">\r\n\t\t\t\t\t\t\tKaserne Auenfeld, Haubitzenstrasse 11, 8500 Frauenfeld\t\t\t\t\t\t<\/td>\r\n\t\t\t\t\t\t\t\t\t<\/tr>\r\n\t\t\t\t\t\t\t\t\t\t\t\t<tr class=\"default-row\">\r\n\t\t\t\t\t\t\t\t\t\t\t<td class=\"default-col\">\r\n\t\t\t\t\t\t\tEglin Elektro AG\t\t\t\t\t\t<\/td>\r\n\t\t\t\t\t\t\t\t\t\t\t<td class=\"default-col\">\r\n\t\t\t\t\t\t\tHLKS Anlage\t\t\t\t\t\t<\/td>\r\n\t\t\t\t\t\t\t\t\t\t\t<td class=\"default-col\">\r\n\t\t\t\t\t\t\tNauenstrasse 55, 4052 Basel\t\t\t\t\t\t<\/td>\r\n\t\t\t\t\t\t\t\t\t<\/tr>\r\n\t\t\t\t\t\t\t\t\t\t\t\t<tr class=\"default-row\">\r\n\t\t\t\t\t\t\t\t\t\t\t<td class=\"default-col\">\r\n\t\t\t\t\t\t\tEtavis AG\t\t\t\t\t\t<\/td>\r\n\t\t\t\t\t\t\t\t\t\t\t<td class=\"default-col\">\r\n\t\t\t\t\t\t\tElektroinstallationen\t\t\t\t\t\t<\/td>\r\n\t\t\t\t\t\t\t\t\t\t\t<td class=\"default-col\">\r\n\t\t\t\t\t\t\tAlnatura Mieterausbau, Henri Petri-Strasse 22, 4051 Basel\t\t\t\t\t\t<\/td>\r\n\t\t\t\t\t\t\t\t\t<\/tr>\r\n\t\t\t\t\t\t\t\t\t\t\t\t<tr class=\"default-row\">\r\n\t\t\t\t\t\t\t\t\t\t\t<td class=\"default-col\">\r\n\t\t\t\t\t\t\tArt of Cashmere AG\t\t\t\t\t\t<\/td>\r\n\t\t\t\t\t\t\t\t\t\t\t<td class=\"default-col\">\r\n\t\t\t\t\t\t\tKlimaanlagen\t\t\t\t\t\t<\/td>\r\n\t\t\t\t\t\t\t\t\t\t\t<td class=\"default-col\">\r\n\t\t\t\t\t\t\tArt of Cashmere World AG, Seestrasse 91, 8810 Horgen\t\t\t\t\t\t<\/td>\r\n\t\t\t\t\t\t\t\t\t<\/tr>\r\n\t\t\t\t\t\t\t\t\t\t\t\t<tr class=\"default-row\">\r\n\t\t\t\t\t\t\t\t\t\t\t<td class=\"default-col\">\r\n\t\t\t\t\t\t\tWild Holding AG\t\t\t\t\t\t<\/td>\r\n\t\t\t\t\t\t\t\t\t\t\t<td class=\"default-col\">\r\n\t\t\t\t\t\t\tElektroanlagen \/ Maler \/ Gipser\t\t\t\t\t\t<\/td>\r\n\t\t\t\t\t\t\t\t\t\t\t<td class=\"default-col\">\r\n\t\t\t\t\t\t\tInpiso AG, Flughofstrasse 41, 8152 Glattbrugg\t\t\t\t\t\t<\/td>\r\n\t\t\t\t\t\t\t\t\t<\/tr>\r\n\t\t\t\t\t\t\t\t\t\t\t\t<tr class=\"default-row\">\r\n\t\t\t\t\t\t\t\t\t\t\t<td class=\"default-col\">\r\n\t\t\t\t\t\t\tSwisspro AG\t\t\t\t\t\t<\/td>\r\n\t\t\t\t\t\t\t\t\t\t\t<td class=\"default-col\">\r\n\t\t\t\t\t\t\tKabelz\u00fcge\t\t\t\t\t\t<\/td>\r\n\t\t\t\t\t\t\t\t\t\t\t<td class=\"default-col\">\r\n\t\t\t\t\t\t\tSchulhaus Watt\t\t\t\t\t\t<\/td>\r\n\t\t\t\t\t\t\t\t\t<\/tr>\r\n\t\t\t\t\t\t\t\t\t\t\t\t<tr class=\"default-row\">\r\n\t\t\t\t\t\t\t\t\t\t\t<td class=\"default-col\">\r\n\t\t\t\t\t\t\tLuxurylove\t\t\t\t\t\t<\/td>\r\n\t\t\t\t\t\t\t\t\t\t\t<td class=\"default-col\">\r\n\t\t\t\t\t\t\tElektroanlagen\t\t\t\t\t\t<\/td>\r\n\t\t\t\t\t\t\t\t\t\t\t<td class=\"default-col\">\r\n\t\t\t\t\t\t\tForchstrasse 19, Z\u00fcrich\t\t\t\t\t\t<\/td>\r\n\t\t\t\t\t\t\t\t\t<\/tr>\r\n\t\t\t\t\t\t\t\t\t\t\t\t<tr class=\"default-row\">\r\n\t\t\t\t\t\t\t\t\t\t\t<td class=\"default-col\">\r\n\t\t\t\t\t\t\tRegus Zug Metalli\t\t\t\t\t\t<\/td>\r\n\t\t\t\t\t\t\t\t\t\t\t<td class=\"default-col\">\r\n\t\t\t\t\t\t\tElektroinstallationen\t\t\t\t\t\t<\/td>\r\n\t\t\t\t\t\t\t\t\t\t\t<td class=\"default-col\">\r\n\t\t\t\t\t\t\tREGUS, Baarerstrasse 14, 6300 Zug\t\t\t\t\t\t<\/td>\r\n\t\t\t\t\t\t\t\t\t<\/tr>\r\n\t\t\t\t\t\t\t\t\t\t\t\t<tr class=\"default-row\">\r\n\t\t\t\t\t\t\t\t\t\t\t<td class=\"default-col\">\r\n\t\t\t\t\t\t\ti-home AG\t\t\t\t\t\t<\/td>\r\n\t\t\t\t\t\t\t\t\t\t\t<td class=\"default-col\">\r\n\t\t\t\t\t\t\tBaumeisterarbeiten\t\t\t\t\t\t<\/td>\r\n\t\t\t\t\t\t\t\t\t\t\t<td class=\"default-col\">\r\n\t\t\t\t\t\t\tDufourstrasse 73, 8008 Z\u00fcrich\t\t\t\t\t\t<\/td>\r\n\t\t\t\t\t\t\t\t\t<\/tr>\r\n\t\t\t\t\t\t\t\t\t\t\t\t<tr class=\"default-row\">\r\n\t\t\t\t\t\t\t\t\t\t\t<td class=\"default-col\">\r\n\t\t\t\t\t\t\tSwisspro AG\t\t\t\t\t\t<\/td>\r\n\t\t\t\t\t\t\t\t\t\t\t<td class=\"default-col\">\r\n\t\t\t\t\t\t\tLampenschienenmontage und Kabelbahnmontage\t\t\t\t\t\t<\/td>\r\n\t\t\t\t\t\t\t\t\t\t\t<td class=\"default-col\">\r\n\t\t\t\t\t\t\tSulzerallee 19, 8404 Winterthur\t\t\t\t\t\t<\/td>\r\n\t\t\t\t\t\t\t\t\t<\/tr>\r\n\t\t\t\t\t\t\t\t\t\t\t\t<tr class=\"default-row\">\r\n\t\t\t\t\t\t\t\t\t\t\t<td class=\"default-col\">\r\n\t\t\t\t\t\t\tRotkreuz Suurstoffi GmbH\t\t\t\t\t\t<\/td>\r\n\t\t\t\t\t\t\t\t\t\t\t<td class=\"default-col\">\r\n\t\t\t\t\t\t\tBrandabschottung \/ Gipserarbeiten \/ Elektroinstallationen \/ Doppelboden\t\t\t\t\t\t<\/td>\r\n\t\t\t\t\t\t\t\t\t\t\t<td class=\"default-col\">\r\n\t\t\t\t\t\t\tSuurstoffi 37, Rotkreuz\t\t\t\t\t\t<\/td>\r\n\t\t\t\t\t\t\t\t\t<\/tr>\r\n\t\t\t\t\t\t\t\t\t\t\t\t<tr class=\"default-row\">\r\n\t\t\t\t\t\t\t\t\t\t\t<td class=\"default-col\">\r\n\t\t\t\t\t\t\tBVG, Bau- und Verwaltungsgesellschaft AG\t\t\t\t\t\t<\/td>\r\n\t\t\t\t\t\t\t\t\t\t\t<td class=\"default-col\">\r\n\t\t\t\t\t\t\tKabelbahn und Lampenschienenmontage \/ Lautsprecher \/ HLKS\/MSRL\/BSK - Anlagen \/ Brandschutzmassnahmen\t\t\t\t\t\t<\/td>\r\n\t\t\t\t\t\t\t\t\t\t\t<td class=\"default-col\">\r\n\t\t\t\t\t\t\tKapellgasse 11, 6004 Luzern\t\t\t\t\t\t<\/td>\r\n\t\t\t\t\t\t\t\t\t<\/tr>\r\n\t\t\t\t\t\t\t\t\t\t\t\t<tr class=\"default-row\">\r\n\t\t\t\t\t\t\t\t\t\t\t<td class=\"default-col\">\r\n\t\t\t\t\t\t\tSwiss Life AG\t\t\t\t\t\t<\/td>\r\n\t\t\t\t\t\t\t\t\t\t\t<td class=\"default-col\">\r\n\t\t\t\t\t\t\tMontage Gestelle und Armaturen\t\t\t\t\t\t<\/td>\r\n\t\t\t\t\t\t\t\t\t\t\t<td class=\"default-col\">\r\n\t\t\t\t\t\t\tParf\u00fcmerie Spitzenhaus, B\u00f6rsenstrasse 14\/17\t\t\t\t\t\t<\/td>\r\n\t\t\t\t\t\t\t\t\t<\/tr>\r\n\t\t\t\t\t\t\t\t\t\t\t\t<tr class=\"default-row\">\r\n\t\t\t\t\t\t\t\t\t\t\t<td class=\"default-col\">\r\n\t\t\t\t\t\t\tBouygues E&S InTec Schweiz AG\t\t\t\t\t\t<\/td>\r\n\t\t\t\t\t\t\t\t\t\t\t<td class=\"default-col\">\r\n\t\t\t\t\t\t\tLampenschienenmontage \/ Kabelbahnmontage\t\t\t\t\t\t<\/td>\r\n\t\t\t\t\t\t\t\t\t\t\t<td class=\"default-col\">\r\n\t\t\t\t\t\t\tNordstrasse 8, 8424 Embrach\t\t\t\t\t\t<\/td>\r\n\t\t\t\t\t\t\t\t\t<\/tr>\r\n\t\t\t\t\t\t<\/table>\r\n<\/div><\/div><\/div>\r\n\r\n            <\/div>\r\n<\/section>\r\n\n","protected":false},"excerpt":{"rendered":"<p>Referenzen 2021 We would be happy to provide private references upon request. Owner \/ Client Type of work Object Etavis AG UKV Installationen Briefzentrum H\u00e4rkingen, Lischmatt 40, 4624 H\u00e4rkingen Schibli AG Trassenmontage \/lektroinstallationen \/ Stromschienen Konstruktion \/ Spezialanfertigung Steigsch\u00e4chte NTT Datacenter Hofwiesenstrasse 56, R\u00fcmlang Z\u00fcrich Bleicherweg GmbH Elektroinstallationen \/ Gipserarbeiten \/ Baumeisterarabeiten \/ Spezielle D\u00e4mmungen [&hellip;]<\/p>\n","protected":false},"author":1,"featured_media":0,"parent":0,"menu_order":0,"comment_status":"closed","ping_status":"closed","template":"","meta":{"footnotes":""},"class_list":["post-1218","page","type-page","status-publish","hentry"],"_links":{"self":[{"href":"https:\/\/apollobautechnik.ch\/en\/wp-json\/wp\/v2\/pages\/1218","targetHints":{"allow":["GET"]}}],"collection":[{"href":"https:\/\/apollobautechnik.ch\/en\/wp-json\/wp\/v2\/pages"}],"about":[{"href":"https:\/\/apollobautechnik.ch\/en\/wp-json\/wp\/v2\/types\/page"}],"author":[{"embeddable":true,"href":"https:\/\/apollobautechnik.ch\/en\/wp-json\/wp\/v2\/users\/1"}],"replies":[{"embeddable":true,"href":"https:\/\/apollobautechnik.ch\/en\/wp-json\/wp\/v2\/comments?post=1218"}],"version-history":[{"count":9,"href":"https:\/\/apollobautechnik.ch\/en\/wp-json\/wp\/v2\/pages\/1218\/revisions"}],"predecessor-version":[{"id":1758,"href":"https:\/\/apollobautechnik.ch\/en\/wp-json\/wp\/v2\/pages\/1218\/revisions\/1758"}],"wp:attachment":[{"href":"https:\/\/apollobautechnik.ch\/en\/wp-json\/wp\/v2\/media?parent=1218"}],"curies":[{"name":"wp","href":"https:\/\/api.w.org\/{rel}","templated":true}]}}