{"id":1655,"date":"2024-01-29T21:36:35","date_gmt":"2024-01-29T21:36:35","guid":{"rendered":"http:\/\/apollobautechnik.ch\/referenzen-2023\/"},"modified":"2024-11-05T14:14:58","modified_gmt":"2024-11-05T14:14:58","slug":"reference-2023","status":"publish","type":"page","link":"https:\/\/apollobautechnik.ch\/en\/reference-2023\/","title":{"rendered":"Reference 2023"},"content":{"rendered":"<section id=\"section-referenzen\" class=\"main-row \"  >\r\n    <div class=\"container\">\r\n                    <div class=\"row\">\r\n\t<div class=\"col-md-12 col-xs-12\" >\r\n\t<div class=\"fw-heading fw-heading-h2 fw-heading-center\">\r\n\t\t<h2 class='fw-special-title'>Referenzen 2023<\/h2>\t<\/div>\r\n              <div class=\"private-ref\">\r\n                  <p>We would be happy to provide private references upon request.<\/p>              <\/div>\r\n<div class=\"fw-table\">\r\n\t<table>\r\n\t\t\t\t\t\t\t\t\t<thead>\r\n\t\t\t\t\t<tr class=\"heading-row\">\r\n\t\t\t\t\t\t\t\t\t\t\t\t\t<th class=\"default-col\">\r\n\t\t\t\t\t\t\t\tOwner \/ Client \t\t\t\t\t\t\t<\/th>\r\n\t\t\t\t\t\t\t\t\t\t\t\t\t<th class=\"default-col\">\r\n\t\t\t\t\t\t\t\tType of work \t\t\t\t\t\t\t<\/th>\r\n\t\t\t\t\t\t\t\t\t\t\t\t\t<th class=\"default-col\">\r\n\t\t\t\t\t\t\t\tObject\t\t\t\t\t\t\t<\/th>\r\n\t\t\t\t\t\t\t\t\t\t\t<\/tr>\r\n\t\t\t\t<\/thead>\r\n\t\t\t\t\t\t\t\t\t\t\t\t<tr class=\"default-row\">\r\n\t\t\t\t\t\t\t\t\t\t\t<td class=\"default-col\">\r\n\t\t\t\t\t\t\tPaul Hitz AG\t\t\t\t\t\t<\/td>\r\n\t\t\t\t\t\t\t\t\t\t\t<td class=\"default-col\">\r\n\t\t\t\t\t\t\tBeleuchtungsersatz\t\t\t\t\t\t<\/td>\r\n\t\t\t\t\t\t\t\t\t\t\t<td class=\"default-col\">\r\n\t\t\t\t\t\t\tAltenburggarage Austellung Seat-Cupra\t\t\t\t\t\t<\/td>\r\n\t\t\t\t\t\t\t\t\t<\/tr>\r\n\t\t\t\t\t\t\t\t\t\t\t\t<tr class=\"default-row\">\r\n\t\t\t\t\t\t\t\t\t\t\t<td class=\"default-col\">\r\n\t\t\t\t\t\t\tSprecher & Co. AG ing.\t\t\t\t\t\t<\/td>\r\n\t\t\t\t\t\t\t\t\t\t\t<td class=\"default-col\">\r\n\t\t\t\t\t\t\tKabelbahnmontage\t\t\t\t\t\t<\/td>\r\n\t\t\t\t\t\t\t\t\t\t\t<td class=\"default-col\">\r\n\t\t\t\t\t\t\tBachmannweg 43-51, 8046 Z\u00fcrich\t\t\t\t\t\t<\/td>\r\n\t\t\t\t\t\t\t\t\t<\/tr>\r\n\t\t\t\t\t\t\t\t\t\t\t\t<tr class=\"default-row\">\r\n\t\t\t\t\t\t\t\t\t\t\t<td class=\"default-col\">\r\n\t\t\t\t\t\t\tAlpha Associates AG\t\t\t\t\t\t<\/td>\r\n\t\t\t\t\t\t\t\t\t\t\t<td class=\"default-col\">\r\n\t\t\t\t\t\t\tElektroinstallationen\t\t\t\t\t\t<\/td>\r\n\t\t\t\t\t\t\t\t\t\t\t<td class=\"default-col\">\r\n\t\t\t\t\t\t\tBahnhofstrasse 13\/17, Z\u00fcrich\t\t\t\t\t\t<\/td>\r\n\t\t\t\t\t\t\t\t\t<\/tr>\r\n\t\t\t\t\t\t\t\t\t\t\t\t<tr class=\"default-row\">\r\n\t\t\t\t\t\t\t\t\t\t\t<td class=\"default-col\">\r\n\t\t\t\t\t\t\tElektro Z\u00fcrichsee AG\t\t\t\t\t\t<\/td>\r\n\t\t\t\t\t\t\t\t\t\t\t<td class=\"default-col\">\r\n\t\t\t\t\t\t\tUKV Installationen\t\t\t\t\t\t<\/td>\r\n\t\t\t\t\t\t\t\t\t\t\t<td class=\"default-col\">\r\n\t\t\t\t\t\t\tBank Thalwil\t\t\t\t\t\t<\/td>\r\n\t\t\t\t\t\t\t\t\t<\/tr>\r\n\t\t\t\t\t\t\t\t\t\t\t\t<tr class=\"default-row\">\r\n\t\t\t\t\t\t\t\t\t\t\t<td class=\"default-col\">\r\n\t\t\t\t\t\t\tEtavis AG\t\t\t\t\t\t<\/td>\r\n\t\t\t\t\t\t\t\t\t\t\t<td class=\"default-col\">\r\n\t\t\t\t\t\t\tHLKS - Anlage \/ Ferigstellung \/ Kabelbahnmontage\t\t\t\t\t\t<\/td>\r\n\t\t\t\t\t\t\t\t\t\t\t<td class=\"default-col\">\r\n\t\t\t\t\t\t\tBezirksanlage Winterthur\t\t\t\t\t\t<\/td>\r\n\t\t\t\t\t\t\t\t\t<\/tr>\r\n\t\t\t\t\t\t\t\t\t\t\t\t<tr class=\"default-row\">\r\n\t\t\t\t\t\t\t\t\t\t\t<td class=\"default-col\">\r\n\t\t\t\t\t\t\tB\u00e4r Totalunternehmung AG\t\t\t\t\t\t<\/td>\r\n\t\t\t\t\t\t\t\t\t\t\t<td class=\"default-col\">\r\n\t\t\t\t\t\t\tR\u00fcchbau UKV Leitungen\t\t\t\t\t\t<\/td>\r\n\t\t\t\t\t\t\t\t\t\t\t<td class=\"default-col\">\r\n\t\t\t\t\t\t\tBleicherweg 10, Z\u00fcrich - Google\t\t\t\t\t\t<\/td>\r\n\t\t\t\t\t\t\t\t\t<\/tr>\r\n\t\t\t\t\t\t\t\t\t\t\t\t<tr class=\"default-row\">\r\n\t\t\t\t\t\t\t\t\t\t\t<td class=\"default-col\">\r\n\t\t\t\t\t\t\tB\u00e4r Totalunternehmung AG\t\t\t\t\t\t<\/td>\r\n\t\t\t\t\t\t\t\t\t\t\t<td class=\"default-col\">\r\n\t\t\t\t\t\t\tWasserschaden Blumenhalle\t\t\t\t\t\t<\/td>\r\n\t\t\t\t\t\t\t\t\t\t\t<td class=\"default-col\">\r\n\t\t\t\t\t\t\tBlumenhalle Markt, Molkenstrasse 17, Z\u00fcrich\t\t\t\t\t\t<\/td>\r\n\t\t\t\t\t\t\t\t\t<\/tr>\r\n\t\t\t\t\t\t\t\t\t\t\t\t<tr class=\"default-row\">\r\n\t\t\t\t\t\t\t\t\t\t\t<td class=\"default-col\">\r\n\t\t\t\t\t\t\tB\u00e4r Totalunternehmung AG\t\t\t\t\t\t<\/td>\r\n\t\t\t\t\t\t\t\t\t\t\t<td class=\"default-col\">\r\n\t\t\t\t\t\t\tBKP 231 Apparate Starkstrom\t\t\t\t\t\t<\/td>\r\n\t\t\t\t\t\t\t\t\t\t\t<td class=\"default-col\">\r\n\t\t\t\t\t\t\tB\u00f6rsenstrasse 14, 8001 Z\u00fcrich\t\t\t\t\t\t<\/td>\r\n\t\t\t\t\t\t\t\t\t<\/tr>\r\n\t\t\t\t\t\t\t\t\t\t\t\t<tr class=\"default-row\">\r\n\t\t\t\t\t\t\t\t\t\t\t<td class=\"default-col\">\r\n\t\t\t\t\t\t\tPaul Hitz AG\t\t\t\t\t\t<\/td>\r\n\t\t\t\t\t\t\t\t\t\t\t<td class=\"default-col\">\r\n\t\t\t\t\t\t\tDraht - Kabel Einzug\t\t\t\t\t\t<\/td>\r\n\t\t\t\t\t\t\t\t\t\t\t<td class=\"default-col\">\r\n\t\t\t\t\t\t\tBuckstrasse 18, 5304 Endingen \/ Haus D\t\t\t\t\t\t<\/td>\r\n\t\t\t\t\t\t\t\t\t<\/tr>\r\n\t\t\t\t\t\t\t\t\t\t\t\t<tr class=\"default-row\">\r\n\t\t\t\t\t\t\t\t\t\t\t<td class=\"default-col\">\r\n\t\t\t\t\t\t\tBENIMAG\t\t\t\t\t\t<\/td>\r\n\t\t\t\t\t\t\t\t\t\t\t<td class=\"default-col\">\r\n\t\t\t\t\t\t\tBrandschutzmassnahmen\t\t\t\t\t\t<\/td>\r\n\t\t\t\t\t\t\t\t\t\t\t<td class=\"default-col\">\r\n\t\t\t\t\t\t\tB\u00fcrogeb\u00e4ude, Kurvenstrasse 31, 8006 Z\u00fcrich\t\t\t\t\t\t<\/td>\r\n\t\t\t\t\t\t\t\t\t<\/tr>\r\n\t\t\t\t\t\t\t\t\t\t\t\t<tr class=\"default-row\">\r\n\t\t\t\t\t\t\t\t\t\t\t<td class=\"default-col\">\r\n\t\t\t\t\t\t\tElektro Scherzinger AG\t\t\t\t\t\t<\/td>\r\n\t\t\t\t\t\t\t\t\t\t\t<td class=\"default-col\">\r\n\t\t\t\t\t\t\tBrandschutzmassnahmen\t\t\t\t\t\t<\/td>\r\n\t\t\t\t\t\t\t\t\t\t\t<td class=\"default-col\">\r\n\t\t\t\t\t\t\tCGD SwissRe R\u00fcschlikon\t\t\t\t\t\t<\/td>\r\n\t\t\t\t\t\t\t\t\t<\/tr>\r\n\t\t\t\t\t\t\t\t\t\t\t\t<tr class=\"default-row\">\r\n\t\t\t\t\t\t\t\t\t\t\t<td class=\"default-col\">\r\n\t\t\t\t\t\t\tElpin AG\t\t\t\t\t\t<\/td>\r\n\t\t\t\t\t\t\t\t\t\t\t<td class=\"default-col\">\r\n\t\t\t\t\t\t\tHLKS Verkablung\t\t\t\t\t\t<\/td>\r\n\t\t\t\t\t\t\t\t\t\t\t<td class=\"default-col\">\r\n\t\t\t\t\t\t\tCirculago Zentrale Parking Neustadt\t\t\t\t\t\t<\/td>\r\n\t\t\t\t\t\t\t\t\t<\/tr>\r\n\t\t\t\t\t\t\t\t\t\t\t\t<tr class=\"default-row\">\r\n\t\t\t\t\t\t\t\t\t\t\t<td class=\"default-col\">\r\n\t\t\t\t\t\t\tA1 ELEKTRO AG\t\t\t\t\t\t<\/td>\r\n\t\t\t\t\t\t\t\t\t\t\t<td class=\"default-col\">\r\n\t\t\t\t\t\t\tBrandschutzmassnahmen\t\t\t\t\t\t<\/td>\r\n\t\t\t\t\t\t\t\t\t\t\t<td class=\"default-col\">\r\n\t\t\t\t\t\t\tCS Paradeplatz, Paradeplatz 8, 8001 Z\u00fcrich\t\t\t\t\t\t<\/td>\r\n\t\t\t\t\t\t\t\t\t<\/tr>\r\n\t\t\t\t\t\t\t\t\t\t\t\t<tr class=\"default-row\">\r\n\t\t\t\t\t\t\t\t\t\t\t<td class=\"default-col\">\r\n\t\t\t\t\t\t\tArnold AG\t\t\t\t\t\t<\/td>\r\n\t\t\t\t\t\t\t\t\t\t\t<td class=\"default-col\">\r\n\t\t\t\t\t\t\tLeihpersonal gem. Leihvertrag\t\t\t\t\t\t<\/td>\r\n\t\t\t\t\t\t\t\t\t\t\t<td class=\"default-col\">\r\n\t\t\t\t\t\t\tDatacenter RZ-ZRH21 Glattfelden\t\t\t\t\t\t<\/td>\r\n\t\t\t\t\t\t\t\t\t<\/tr>\r\n\t\t\t\t\t\t\t\t\t\t\t\t<tr class=\"default-row\">\r\n\t\t\t\t\t\t\t\t\t\t\t<td class=\"default-col\">\r\n\t\t\t\t\t\t\tBernhard Hegi AG\t\t\t\t\t\t<\/td>\r\n\t\t\t\t\t\t\t\t\t\t\t<td class=\"default-col\">\r\n\t\t\t\t\t\t\tKabelbahnmontage\t\t\t\t\t\t<\/td>\r\n\t\t\t\t\t\t\t\t\t\t\t<td class=\"default-col\">\r\n\t\t\t\t\t\t\tDigitec Galaxus Dintikon\t\t\t\t\t\t<\/td>\r\n\t\t\t\t\t\t\t\t\t<\/tr>\r\n\t\t\t\t\t\t\t\t\t\t\t\t<tr class=\"default-row\">\r\n\t\t\t\t\t\t\t\t\t\t\t<td class=\"default-col\">\r\n\t\t\t\t\t\t\tEiger Technics GmbH\t\t\t\t\t\t<\/td>\r\n\t\t\t\t\t\t\t\t\t\t\t<td class=\"default-col\">\r\n\t\t\t\t\t\t\tBKP Brandschutzmassnahmen\t\t\t\t\t\t<\/td>\r\n\t\t\t\t\t\t\t\t\t\t\t<td class=\"default-col\">\r\n\t\t\t\t\t\t\tDUO Schlieren, Z\u00fcrcherstrasse 64, 8952 Schlieren\t\t\t\t\t\t<\/td>\r\n\t\t\t\t\t\t\t\t\t<\/tr>\r\n\t\t\t\t\t\t\t\t\t\t\t\t<tr class=\"default-row\">\r\n\t\t\t\t\t\t\t\t\t\t\t<td class=\"default-col\">\r\n\t\t\t\t\t\t\tSwisspro AG\t\t\t\t\t\t<\/td>\r\n\t\t\t\t\t\t\t\t\t\t\t<td class=\"default-col\">\r\n\t\t\t\t\t\t\tKabelbahnmontage\t\t\t\t\t\t<\/td>\r\n\t\t\t\t\t\t\t\t\t\t\t<td class=\"default-col\">\r\n\t\t\t\t\t\t\tEMS Chemie Dottikon\t\t\t\t\t\t<\/td>\r\n\t\t\t\t\t\t\t\t\t<\/tr>\r\n\t\t\t\t\t\t\t\t\t\t\t\t<tr class=\"default-row\">\r\n\t\t\t\t\t\t\t\t\t\t\t<td class=\"default-col\">\r\n\t\t\t\t\t\t\tEWZ\t\t\t\t\t\t<\/td>\r\n\t\t\t\t\t\t\t\t\t\t\t<td class=\"default-col\">\r\n\t\t\t\t\t\t\tKabelbahnmontage\t\t\t\t\t\t<\/td>\r\n\t\t\t\t\t\t\t\t\t\t\t<td class=\"default-col\">\r\n\t\t\t\t\t\t\tEWZ Frohalp, Hesenlooweg 9, 8038 Z\u00fcrich\t\t\t\t\t\t<\/td>\r\n\t\t\t\t\t\t\t\t\t<\/tr>\r\n\t\t\t\t\t\t\t\t\t\t\t\t<tr class=\"default-row\">\r\n\t\t\t\t\t\t\t\t\t\t\t<td class=\"default-col\">\r\n\t\t\t\t\t\t\tLivit Real Estate Management AG\t\t\t\t\t\t<\/td>\r\n\t\t\t\t\t\t\t\t\t\t\t<td class=\"default-col\">\r\n\t\t\t\t\t\t\tElektroanlagen\t\t\t\t\t\t<\/td>\r\n\t\t\t\t\t\t\t\t\t\t\t<td class=\"default-col\">\r\n\t\t\t\t\t\t\tGA Eram Dental Health Clinic, Bleicherweg 33, 8002 Z\u00fcrich\t\t\t\t\t\t<\/td>\r\n\t\t\t\t\t\t\t\t\t<\/tr>\r\n\t\t\t\t\t\t\t\t\t\t\t\t<tr class=\"default-row\">\r\n\t\t\t\t\t\t\t\t\t\t\t<td class=\"default-col\">\r\n\t\t\t\t\t\t\tLANZ Oensingen AG\t\t\t\t\t\t<\/td>\r\n\t\t\t\t\t\t\t\t\t\t\t<td class=\"default-col\">\r\n\t\t\t\t\t\t\tKabelbahnmontage\t\t\t\t\t\t<\/td>\r\n\t\t\t\t\t\t\t\t\t\t\t<td class=\"default-col\">\r\n\t\t\t\t\t\t\tGeismann Papiere Dottikon\t\t\t\t\t\t<\/td>\r\n\t\t\t\t\t\t\t\t\t<\/tr>\r\n\t\t\t\t\t\t\t\t\t\t\t\t<tr class=\"default-row\">\r\n\t\t\t\t\t\t\t\t\t\t\t<td class=\"default-col\">\r\n\t\t\t\t\t\t\tBVG Bau- und Verwaltungs-Geselschaft AG\t\t\t\t\t\t<\/td>\r\n\t\t\t\t\t\t\t\t\t\t\t<td class=\"default-col\">\r\n\t\t\t\t\t\t\tElektroinstallationen\t\t\t\t\t\t<\/td>\r\n\t\t\t\t\t\t\t\t\t\t\t<td class=\"default-col\">\r\n\t\t\t\t\t\t\tHeizgemeinschaft Zentrum Oberengstringen\t\t\t\t\t\t<\/td>\r\n\t\t\t\t\t\t\t\t\t<\/tr>\r\n\t\t\t\t\t\t\t\t\t\t\t\t<tr class=\"default-row\">\r\n\t\t\t\t\t\t\t\t\t\t\t<td class=\"default-col\">\r\n\t\t\t\t\t\t\tBaumann Koelliker AG\t\t\t\t\t\t<\/td>\r\n\t\t\t\t\t\t\t\t\t\t\t<td class=\"default-col\">\r\n\t\t\t\t\t\t\tNeubau MFH\t\t\t\t\t\t<\/td>\r\n\t\t\t\t\t\t\t\t\t\t\t<td class=\"default-col\">\r\n\t\t\t\t\t\t\tHoffeld 20, 8057 Z\u00fcrich\t\t\t\t\t\t<\/td>\r\n\t\t\t\t\t\t\t\t\t<\/tr>\r\n\t\t\t\t\t\t\t\t\t\t\t\t<tr class=\"default-row\">\r\n\t\t\t\t\t\t\t\t\t\t\t<td class=\"default-col\">\r\n\t\t\t\t\t\t\tB\u00fcrgi Haustechnik AG\t\t\t\t\t\t<\/td>\r\n\t\t\t\t\t\t\t\t\t\t\t<td class=\"default-col\">\r\n\t\t\t\t\t\t\tService-Einsatz\t\t\t\t\t\t<\/td>\r\n\t\t\t\t\t\t\t\t\t\t\t<td class=\"default-col\">\r\n\t\t\t\t\t\t\tIm Blattacher 27, 8602 Wangen-Br\u00fctisellen\t\t\t\t\t\t<\/td>\r\n\t\t\t\t\t\t\t\t\t<\/tr>\r\n\t\t\t\t\t\t\t\t\t\t\t\t<tr class=\"default-row\">\r\n\t\t\t\t\t\t\t\t\t\t\t<td class=\"default-col\">\r\n\t\t\t\t\t\t\tJ\u00fcrg & Heinz Ernst i-home AG\t\t\t\t\t\t<\/td>\r\n\t\t\t\t\t\t\t\t\t\t\t<td class=\"default-col\">\r\n\t\t\t\t\t\t\tBaumeisterarbeiten\t\t\t\t\t\t<\/td>\r\n\t\t\t\t\t\t\t\t\t\t\t<td class=\"default-col\">\r\n\t\t\t\t\t\t\tKabelbr\u00fccke MFH DUF73 ZH\t\t\t\t\t\t<\/td>\r\n\t\t\t\t\t\t\t\t\t<\/tr>\r\n\t\t\t\t\t\t\t\t\t\t\t\t<tr class=\"default-row\">\r\n\t\t\t\t\t\t\t\t\t\t\t<td class=\"default-col\">\r\n\t\t\t\t\t\t\tArnold AG\t\t\t\t\t\t<\/td>\r\n\t\t\t\t\t\t\t\t\t\t\t<td class=\"default-col\">\r\n\t\t\t\t\t\t\tBrandabschottungen\t\t\t\t\t\t<\/td>\r\n\t\t\t\t\t\t\t\t\t\t\t<td class=\"default-col\">\r\n\t\t\t\t\t\t\tKabelzug SNB OIZ Albis - BANF 7118731\/0\t\t\t\t\t\t<\/td>\r\n\t\t\t\t\t\t\t\t\t<\/tr>\r\n\t\t\t\t\t\t\t\t\t\t\t\t<tr class=\"default-row\">\r\n\t\t\t\t\t\t\t\t\t\t\t<td class=\"default-col\">\r\n\t\t\t\t\t\t\tPaul Hitz AG\t\t\t\t\t\t<\/td>\r\n\t\t\t\t\t\t\t\t\t\t\t<td class=\"default-col\">\r\n\t\t\t\t\t\t\tTrassemontage\t\t\t\t\t\t<\/td>\r\n\t\t\t\t\t\t\t\t\t\t\t<td class=\"default-col\">\r\n\t\t\t\t\t\t\tKSB Kubus, Im Ergel 1, 5404 Baden\t\t\t\t\t\t<\/td>\r\n\t\t\t\t\t\t\t\t\t<\/tr>\r\n\t\t\t\t\t\t\t\t\t\t\t\t<tr class=\"default-row\">\r\n\t\t\t\t\t\t\t\t\t\t\t<td class=\"default-col\">\r\n\t\t\t\t\t\t\tGasser & Partner Architekte AG\t\t\t\t\t\t<\/td>\r\n\t\t\t\t\t\t\t\t\t\t\t<td class=\"default-col\">\r\n\t\t\t\t\t\t\tBKP 230 Elektroanlagen\t\t\t\t\t\t<\/td>\r\n\t\t\t\t\t\t\t\t\t\t\t<td class=\"default-col\">\r\n\t\t\t\t\t\t\tLANDI ZULA inkl. 2 MFH Kasernenstrasse 77, 8180 B\u00fclach\t\t\t\t\t\t<\/td>\r\n\t\t\t\t\t\t\t\t\t<\/tr>\r\n\t\t\t\t\t\t\t\t\t\t\t\t<tr class=\"default-row\">\r\n\t\t\t\t\t\t\t\t\t\t\t<td class=\"default-col\">\r\n\t\t\t\t\t\t\tElpin AG\t\t\t\t\t\t<\/td>\r\n\t\t\t\t\t\t\t\t\t\t\t<td class=\"default-col\">\r\n\t\t\t\t\t\t\tHLKS - Anlage\t\t\t\t\t\t<\/td>\r\n\t\t\t\t\t\t\t\t\t\t\t<td class=\"default-col\">\r\n\t\t\t\t\t\t\tLimmatquai 31, Z\u00fcrich\t\t\t\t\t\t<\/td>\r\n\t\t\t\t\t\t\t\t\t<\/tr>\r\n\t\t\t\t\t\t\t\t\t\t\t\t<tr class=\"default-row\">\r\n\t\t\t\t\t\t\t\t\t\t\t<td class=\"default-col\">\r\n\t\t\t\t\t\t\tSwisspro AG\t\t\t\t\t\t<\/td>\r\n\t\t\t\t\t\t\t\t\t\t\t<td class=\"default-col\">\r\n\t\t\t\t\t\t\tErschliessungen Montage und Kabelz\u00fcge\t\t\t\t\t\t<\/td>\r\n\t\t\t\t\t\t\t\t\t\t\t<td class=\"default-col\">\r\n\t\t\t\t\t\t\tLokwerk, Z\u00fcrcherstrasse 59, 8406 Winterthur\t\t\t\t\t\t<\/td>\r\n\t\t\t\t\t\t\t\t\t<\/tr>\r\n\t\t\t\t\t\t\t\t\t\t\t\t<tr class=\"default-row\">\r\n\t\t\t\t\t\t\t\t\t\t\t<td class=\"default-col\">\r\n\t\t\t\t\t\t\tSwiss Life AG\t\t\t\t\t\t<\/td>\r\n\t\t\t\t\t\t\t\t\t\t\t<td class=\"default-col\">\r\n\t\t\t\t\t\t\tMalerarbeiten\t\t\t\t\t\t<\/td>\r\n\t\t\t\t\t\t\t\t\t\t\t<td class=\"default-col\">\r\n\t\t\t\t\t\t\tMA Eram Dental Health Clinic, Bleicherweg 33, 8002 Z\u00fcrich\t\t\t\t\t\t<\/td>\r\n\t\t\t\t\t\t\t\t\t<\/tr>\r\n\t\t\t\t\t\t\t\t\t\t\t\t<tr class=\"default-row\">\r\n\t\t\t\t\t\t\t\t\t\t\t<td class=\"default-col\">\r\n\t\t\t\t\t\t\tElpin AG\t\t\t\t\t\t<\/td>\r\n\t\t\t\t\t\t\t\t\t\t\t<td class=\"default-col\">\r\n\t\t\t\t\t\t\tInstallation UKV-Links\t\t\t\t\t\t<\/td>\r\n\t\t\t\t\t\t\t\t\t\t\t<td class=\"default-col\">\r\n\t\t\t\t\t\t\tMAB Headquarter La Prairie Group Z\u00fcrich\t\t\t\t\t\t<\/td>\r\n\t\t\t\t\t\t\t\t\t<\/tr>\r\n\t\t\t\t\t\t\t\t\t\t\t\t<tr class=\"default-row\">\r\n\t\t\t\t\t\t\t\t\t\t\t<td class=\"default-col\">\r\n\t\t\t\t\t\t\tLANZ Oensingen AG\t\t\t\t\t\t<\/td>\r\n\t\t\t\t\t\t\t\t\t\t\t<td class=\"default-col\">\r\n\t\t\t\t\t\t\tTrassemontage\t\t\t\t\t\t<\/td>\r\n\t\t\t\t\t\t\t\t\t\t\t<td class=\"default-col\">\r\n\t\t\t\t\t\t\tMAB Permanence\t\t\t\t\t\t<\/td>\r\n\t\t\t\t\t\t\t\t\t<\/tr>\r\n\t\t\t\t\t\t\t\t\t\t\t\t<tr class=\"default-row\">\r\n\t\t\t\t\t\t\t\t\t\t\t<td class=\"default-col\">\r\n\t\t\t\t\t\t\tBVG Bau- und Verwaltungs-Geselschaft AG\t\t\t\t\t\t<\/td>\r\n\t\t\t\t\t\t\t\t\t\t\t<td class=\"default-col\">\r\n\t\t\t\t\t\t\tWasserschaden\t\t\t\t\t\t<\/td>\r\n\t\t\t\t\t\t\t\t\t\t\t<td class=\"default-col\">\r\n\t\t\t\t\t\t\tMarktweg 2, Gattikon\t\t\t\t\t\t<\/td>\r\n\t\t\t\t\t\t\t\t\t<\/tr>\r\n\t\t\t\t\t\t\t\t\t\t\t\t<tr class=\"default-row\">\r\n\t\t\t\t\t\t\t\t\t\t\t<td class=\"default-col\">\r\n\t\t\t\t\t\t\tLAZN Oensingen AG\t\t\t\t\t\t<\/td>\r\n\t\t\t\t\t\t\t\t\t\t\t<td class=\"default-col\">\r\n\t\t\t\t\t\t\tKabelbahnmontage\t\t\t\t\t\t<\/td>\r\n\t\t\t\t\t\t\t\t\t\t\t<td class=\"default-col\">\r\n\t\t\t\t\t\t\tMeisenw\u00e4ldli Langholzstrasse 618, Oetwil am See\t\t\t\t\t\t<\/td>\r\n\t\t\t\t\t\t\t\t\t<\/tr>\r\n\t\t\t\t\t\t\t\t\t\t\t\t<tr class=\"default-row\">\r\n\t\t\t\t\t\t\t\t\t\t\t<td class=\"default-col\">\r\n\t\t\t\t\t\t\tElpin AG\t\t\t\t\t\t<\/td>\r\n\t\t\t\t\t\t\t\t\t\t\t<td class=\"default-col\">\r\n\t\t\t\t\t\t\tBKP Brandschutzmassnahmen\t\t\t\t\t\t<\/td>\r\n\t\t\t\t\t\t\t\t\t\t\t<td class=\"default-col\">\r\n\t\t\t\t\t\t\tMFH ZugGate\t\t\t\t\t\t<\/td>\r\n\t\t\t\t\t\t\t\t\t<\/tr>\r\n\t\t\t\t\t\t\t\t\t\t\t\t<tr class=\"default-row\">\r\n\t\t\t\t\t\t\t\t\t\t\t<td class=\"default-col\">\r\n\t\t\t\t\t\t\tB\u00fcrgi Haustechnik AG\t\t\t\t\t\t<\/td>\r\n\t\t\t\t\t\t\t\t\t\t\t<td class=\"default-col\">\r\n\t\t\t\t\t\t\tBrandschutzmassnahmen\t\t\t\t\t\t<\/td>\r\n\t\t\t\t\t\t\t\t\t\t\t<td class=\"default-col\">\r\n\t\t\t\t\t\t\tMPK - EFH Max, Gublerstrasse 33 8103 Untersiegenthal\t\t\t\t\t\t<\/td>\r\n\t\t\t\t\t\t\t\t\t<\/tr>\r\n\t\t\t\t\t\t\t\t\t\t\t\t<tr class=\"default-row\">\r\n\t\t\t\t\t\t\t\t\t\t\t<td class=\"default-col\">\r\n\t\t\t\t\t\t\tSchibli AG\t\t\t\t\t\t<\/td>\r\n\t\t\t\t\t\t\t\t\t\t\t<td class=\"default-col\">\r\n\t\t\t\t\t\t\tKabelz\u00fcge\t\t\t\t\t\t<\/td>\r\n\t\t\t\t\t\t\t\t\t\t\t<td class=\"default-col\">\r\n\t\t\t\t\t\t\tNB Fedex Buchserstrasse, 8108 D\u00e4llikon\t\t\t\t\t\t<\/td>\r\n\t\t\t\t\t\t\t\t\t<\/tr>\r\n\t\t\t\t\t\t\t\t\t\t\t\t<tr class=\"default-row\">\r\n\t\t\t\t\t\t\t\t\t\t\t<td class=\"default-col\">\r\n\t\t\t\t\t\t\tPaul Hitz AG\t\t\t\t\t\t<\/td>\r\n\t\t\t\t\t\t\t\t\t\t\t<td class=\"default-col\">\r\n\t\t\t\t\t\t\tDraht - Kabel Einzug\t\t\t\t\t\t<\/td>\r\n\t\t\t\t\t\t\t\t\t\t\t<td class=\"default-col\">\r\n\t\t\t\t\t\t\tNB MFH Aemetstrasse 14, a8166 Niederweningen\t\t\t\t\t\t<\/td>\r\n\t\t\t\t\t\t\t\t\t<\/tr>\r\n\t\t\t\t\t\t\t\t\t\t\t\t<tr class=\"default-row\">\r\n\t\t\t\t\t\t\t\t\t\t\t<td class=\"default-col\">\r\n\t\t\t\t\t\t\tBaumann Koelliker AG\t\t\t\t\t\t<\/td>\r\n\t\t\t\t\t\t\t\t\t\t\t<td class=\"default-col\">\r\n\t\t\t\t\t\t\tBKP 230 Elektroanlagen\t\t\t\t\t\t<\/td>\r\n\t\t\t\t\t\t\t\t\t\t\t<td class=\"default-col\">\r\n\t\t\t\t\t\t\tNB MFH Hoffeld 20,8057 Z\u00fcrich\t\t\t\t\t\t<\/td>\r\n\t\t\t\t\t\t\t\t\t<\/tr>\r\n\t\t\t\t\t\t\t\t\t\t\t\t<tr class=\"default-row\">\r\n\t\t\t\t\t\t\t\t\t\t\t<td class=\"default-col\">\r\n\t\t\t\t\t\t\tPaul Hitz AG\t\t\t\t\t\t<\/td>\r\n\t\t\t\t\t\t\t\t\t\t\t<td class=\"default-col\">\r\n\t\t\t\t\t\t\tVerrohrung \/ Kabelz\u00fcge \/ Leuchtenmontage\t\t\t\t\t\t<\/td>\r\n\t\t\t\t\t\t\t\t\t\t\t<td class=\"default-col\">\r\n\t\t\t\t\t\t\tNB Schulhaus Goldiland Obersiggenthal\t\t\t\t\t\t<\/td>\r\n\t\t\t\t\t\t\t\t\t<\/tr>\r\n\t\t\t\t\t\t\t\t\t\t\t\t<tr class=\"default-row\">\r\n\t\t\t\t\t\t\t\t\t\t\t<td class=\"default-col\">\r\n\t\t\t\t\t\t\tEKZ Eltop AG\t\t\t\t\t\t<\/td>\r\n\t\t\t\t\t\t\t\t\t\t\t<td class=\"default-col\">\r\n\t\t\t\t\t\t\tHLKS \/ MSRL Anlagen\t\t\t\t\t\t<\/td>\r\n\t\t\t\t\t\t\t\t\t\t\t<td class=\"default-col\">\r\n\t\t\t\t\t\t\tPflegezentrum Vitra Futura, in der Au 5, 8604 Volketswil\t\t\t\t\t\t<\/td>\r\n\t\t\t\t\t\t\t\t\t<\/tr>\r\n\t\t\t\t\t\t\t\t\t\t\t\t<tr class=\"default-row\">\r\n\t\t\t\t\t\t\t\t\t\t\t<td class=\"default-col\">\r\n\t\t\t\t\t\t\tBaumann Koelliker AG\t\t\t\t\t\t<\/td>\r\n\t\t\t\t\t\t\t\t\t\t\t<td class=\"default-col\">\r\n\t\t\t\t\t\t\tNotbeleuchtung & UKV Installationen\t\t\t\t\t\t<\/td>\r\n\t\t\t\t\t\t\t\t\t\t\t<td class=\"default-col\">\r\n\t\t\t\t\t\t\tPost Birgistrasse 4a Wallisellen\t\t\t\t\t\t<\/td>\r\n\t\t\t\t\t\t\t\t\t<\/tr>\r\n\t\t\t\t\t\t\t\t\t\t\t\t<tr class=\"default-row\">\r\n\t\t\t\t\t\t\t\t\t\t\t<td class=\"default-col\">\r\n\t\t\t\t\t\t\tHunkeler Elektro AG\t\t\t\t\t\t<\/td>\r\n\t\t\t\t\t\t\t\t\t\t\t<td class=\"default-col\">\r\n\t\t\t\t\t\t\tKabelbahn \/ Lampenschienenmontage\t\t\t\t\t\t<\/td>\r\n\t\t\t\t\t\t\t\t\t\t\t<td class=\"default-col\">\r\n\t\t\t\t\t\t\tPost Villmergen\t\t\t\t\t\t<\/td>\r\n\t\t\t\t\t\t\t\t\t<\/tr>\r\n\t\t\t\t\t\t\t\t\t\t\t\t<tr class=\"default-row\">\r\n\t\t\t\t\t\t\t\t\t\t\t<td class=\"default-col\">\r\n\t\t\t\t\t\t\tEtavis AG\t\t\t\t\t\t<\/td>\r\n\t\t\t\t\t\t\t\t\t\t\t<td class=\"default-col\">\r\n\t\t\t\t\t\t\tBKP Brandschutzmassnahmen\t\t\t\t\t\t<\/td>\r\n\t\t\t\t\t\t\t\t\t\t\t<td class=\"default-col\">\r\n\t\t\t\t\t\t\tRathaus Z\u00fcrich\t\t\t\t\t\t<\/td>\r\n\t\t\t\t\t\t\t\t\t<\/tr>\r\n\t\t\t\t\t\t\t\t\t\t\t\t<tr class=\"default-row\">\r\n\t\t\t\t\t\t\t\t\t\t\t<td class=\"default-col\">\r\n\t\t\t\t\t\t\tL&L Haustechnik GmbH\t\t\t\t\t\t<\/td>\r\n\t\t\t\t\t\t\t\t\t\t\t<td class=\"default-col\">\r\n\t\t\t\t\t\t\tHeizungsmontgage\t\t\t\t\t\t<\/td>\r\n\t\t\t\t\t\t\t\t\t\t\t<td class=\"default-col\">\r\n\t\t\t\t\t\t\tReishauer AG, 8304 Wallisellen\t\t\t\t\t\t<\/td>\r\n\t\t\t\t\t\t\t\t\t<\/tr>\r\n\t\t\t\t\t\t\t\t\t\t\t\t<tr class=\"default-row\">\r\n\t\t\t\t\t\t\t\t\t\t\t<td class=\"default-col\">\r\n\t\t\t\t\t\t\tEtavis AG\t\t\t\t\t\t<\/td>\r\n\t\t\t\t\t\t\t\t\t\t\t<td class=\"default-col\">\r\n\t\t\t\t\t\t\tKabelbahn \/ Lampenschienenmontage\t\t\t\t\t\t<\/td>\r\n\t\t\t\t\t\t\t\t\t\t\t<td class=\"default-col\">\r\n\t\t\t\t\t\t\tRRR 9475 Seveln\t\t\t\t\t\t<\/td>\r\n\t\t\t\t\t\t\t\t\t<\/tr>\r\n\t\t\t\t\t\t\t\t\t\t\t\t<tr class=\"default-row\">\r\n\t\t\t\t\t\t\t\t\t\t\t<td class=\"default-col\">\r\n\t\t\t\t\t\t\tLANZ Oensingen AG\t\t\t\t\t\t<\/td>\r\n\t\t\t\t\t\t\t\t\t\t\t<td class=\"default-col\">\r\n\t\t\t\t\t\t\tTrassemontage\t\t\t\t\t\t<\/td>\r\n\t\t\t\t\t\t\t\t\t\t\t<td class=\"default-col\">\r\n\t\t\t\t\t\t\tSBB St. Finden Bahnhof\t\t\t\t\t\t<\/td>\r\n\t\t\t\t\t\t\t\t\t<\/tr>\r\n\t\t\t\t\t\t\t\t\t\t\t\t<tr class=\"default-row\">\r\n\t\t\t\t\t\t\t\t\t\t\t<td class=\"default-col\">\r\n\t\t\t\t\t\t\tElektro Scherzinger AG\t\t\t\t\t\t<\/td>\r\n\t\t\t\t\t\t\t\t\t\t\t<td class=\"default-col\">\r\n\t\t\t\t\t\t\tBKP Brandschutzmassnahmen\t\t\t\t\t\t<\/td>\r\n\t\t\t\t\t\t\t\t\t\t\t<td class=\"default-col\">\r\n\t\t\t\t\t\t\tSchulhaus Hans Asper\t\t\t\t\t\t<\/td>\r\n\t\t\t\t\t\t\t\t\t<\/tr>\r\n\t\t\t\t\t\t\t\t\t\t\t\t<tr class=\"default-row\">\r\n\t\t\t\t\t\t\t\t\t\t\t<td class=\"default-col\">\r\n\t\t\t\t\t\t\tAllfunds Bank S.A., Madrid, Z\u00fcrich Branch\t\t\t\t\t\t<\/td>\r\n\t\t\t\t\t\t\t\t\t\t\t<td class=\"default-col\">\r\n\t\t\t\t\t\t\tMontage\t\t\t\t\t\t<\/td>\r\n\t\t\t\t\t\t\t\t\t\t\t<td class=\"default-col\">\r\n\t\t\t\t\t\t\tSecuSuisse - Bahnhofstrasse 13, Z\u00fcrich\t\t\t\t\t\t<\/td>\r\n\t\t\t\t\t\t\t\t\t<\/tr>\r\n\t\t\t\t\t\t\t\t\t\t\t\t<tr class=\"default-row\">\r\n\t\t\t\t\t\t\t\t\t\t\t<td class=\"default-col\">\r\n\t\t\t\t\t\t\tBurkhalter Technics AG\t\t\t\t\t\t<\/td>\r\n\t\t\t\t\t\t\t\t\t\t\t<td class=\"default-col\">\r\n\t\t\t\t\t\t\tKabelz\u00fcge \/ Trassenmontage \/ ERZ W\u00e4rmeversorgung Z\u00fcrich\t\t\t\t\t\t<\/td>\r\n\t\t\t\t\t\t\t\t\t\t\t<td class=\"default-col\">\r\n\t\t\t\t\t\t\tSK Green Datacenter Dielsdorf\t\t\t\t\t\t<\/td>\r\n\t\t\t\t\t\t\t\t\t<\/tr>\r\n\t\t\t\t\t\t\t\t\t\t\t\t<tr class=\"default-row\">\r\n\t\t\t\t\t\t\t\t\t\t\t<td class=\"default-col\">\r\n\t\t\t\t\t\t\tB\u00e4r Baumanagement AG\t\t\t\t\t\t<\/td>\r\n\t\t\t\t\t\t\t\t\t\t\t<td class=\"default-col\">\r\n\t\t\t\t\t\t\tTotalsanierung MFH DUF73 ZH\t\t\t\t\t\t<\/td>\r\n\t\t\t\t\t\t\t\t\t\t\t<td class=\"default-col\">\r\n\t\t\t\t\t\t\tTotalsanierung MFH Dufourstrasse 73, 8008 Z\u00fcrich\t\t\t\t\t\t<\/td>\r\n\t\t\t\t\t\t\t\t\t<\/tr>\r\n\t\t\t\t\t\t<\/table>\r\n<\/div><\/div><\/div>\r\n\r\n            <\/div>\r\n<\/section>\r\n\n","protected":false},"excerpt":{"rendered":"<p>Referenzen 2023 We would be happy to provide private references upon request. Owner \/ Client Type of work Object Paul Hitz AG Beleuchtungsersatz Altenburggarage Austellung Seat-Cupra Sprecher &#038; Co. AG ing. Kabelbahnmontage Bachmannweg 43-51, 8046 Z\u00fcrich Alpha Associates AG Elektroinstallationen Bahnhofstrasse 13\/17, Z\u00fcrich Elektro Z\u00fcrichsee AG UKV Installationen Bank Thalwil Etavis AG HLKS &#8211; Anlage [&hellip;]<\/p>\n","protected":false},"author":1,"featured_media":0,"parent":0,"menu_order":0,"comment_status":"closed","ping_status":"closed","template":"","meta":{"footnotes":""},"class_list":["post-1655","page","type-page","status-publish","hentry"],"_links":{"self":[{"href":"https:\/\/apollobautechnik.ch\/en\/wp-json\/wp\/v2\/pages\/1655","targetHints":{"allow":["GET"]}}],"collection":[{"href":"https:\/\/apollobautechnik.ch\/en\/wp-json\/wp\/v2\/pages"}],"about":[{"href":"https:\/\/apollobautechnik.ch\/en\/wp-json\/wp\/v2\/types\/page"}],"author":[{"embeddable":true,"href":"https:\/\/apollobautechnik.ch\/en\/wp-json\/wp\/v2\/users\/1"}],"replies":[{"embeddable":true,"href":"https:\/\/apollobautechnik.ch\/en\/wp-json\/wp\/v2\/comments?post=1655"}],"version-history":[{"count":6,"href":"https:\/\/apollobautechnik.ch\/en\/wp-json\/wp\/v2\/pages\/1655\/revisions"}],"predecessor-version":[{"id":1762,"href":"https:\/\/apollobautechnik.ch\/en\/wp-json\/wp\/v2\/pages\/1655\/revisions\/1762"}],"wp:attachment":[{"href":"https:\/\/apollobautechnik.ch\/en\/wp-json\/wp\/v2\/media?parent=1655"}],"curies":[{"name":"wp","href":"https:\/\/api.w.org\/{rel}","templated":true}]}}