{"id":318,"date":"2019-07-17T13:47:05","date_gmt":"2019-07-17T13:47:05","guid":{"rendered":"http:\/\/apollobautechnik.ch\/?page_id=318"},"modified":"2024-11-05T14:09:30","modified_gmt":"2024-11-05T14:09:30","slug":"reference-2011","status":"publish","type":"page","link":"https:\/\/apollobautechnik.ch\/en\/reference-2011\/","title":{"rendered":"Reference 2011"},"content":{"rendered":"<section id=\"section-referenzen\" class=\"main-row \"  >\r\n    <div class=\"container\">\r\n                    <div class=\"row\">\r\n\t<div class=\"col-md-12 col-xs-12\" >\r\n\t<div class=\"fw-heading fw-heading-h2 fw-heading-center\">\r\n\t\t<h2 class='fw-special-title'>Reference 2011<\/h2>\t<\/div>\r\n              <div class=\"private-ref\">\r\n                  <p>We would be happy to provide private references upon request.<\/p>              <\/div>\r\n<div class=\"fw-table\">\r\n\t<table>\r\n\t\t\t\t\t\t\t\t\t<thead>\r\n\t\t\t\t\t<tr class=\"heading-row\">\r\n\t\t\t\t\t\t\t\t\t\t\t\t\t<th class=\"default-col\">\r\n\t\t\t\t\t\t\t\tOwner \/ Client \t\t\t\t\t\t\t<\/th>\r\n\t\t\t\t\t\t\t\t\t\t\t\t\t<th class=\"default-col\">\r\n\t\t\t\t\t\t\t\tType of work\t\t\t\t\t\t\t<\/th>\r\n\t\t\t\t\t\t\t\t\t\t\t\t\t<th class=\"default-col\">\r\n\t\t\t\t\t\t\t\tObject\t\t\t\t\t\t\t<\/th>\r\n\t\t\t\t\t\t\t\t\t\t\t<\/tr>\r\n\t\t\t\t<\/thead>\r\n\t\t\t\t\t\t\t\t\t\t\t\t<tr class=\"default-row\">\r\n\t\t\t\t\t\t\t\t\t\t\t<td class=\"default-col\">\r\n\t\t\t\t\t\t\tAMD Technik GmbH\t\r\n\t\t\t\t\t\t<\/td>\r\n\t\t\t\t\t\t\t\t\t\t\t<td class=\"default-col\">\r\n\t\t\t\t\t\t\tDrahteinzug\t\r\n\t\t\t\t\t\t<\/td>\r\n\t\t\t\t\t\t\t\t\t\t\t<td class=\"default-col\">\r\n\t\t\t\t\t\t\tErnastrasse Sihlfeldstrasse ZH\t\r\n\t\t\t\t\t\t<\/td>\r\n\t\t\t\t\t\t\t\t\t<\/tr>\r\n\t\t\t\t\t\t\t\t\t\t\t\t<tr class=\"default-row\">\r\n\t\t\t\t\t\t\t\t\t\t\t<td class=\"default-col\">\r\n\t\t\t\t\t\t\tAMD Technik GmbH\t\r\n\t\t\t\t\t\t<\/td>\r\n\t\t\t\t\t\t\t\t\t\t\t<td class=\"default-col\">\r\n\t\t\t\t\t\t\tDrahteinzug Rohbau          Fertigmontage\t\r\n\t\t\t\t\t\t<\/td>\r\n\t\t\t\t\t\t\t\t\t\t\t<td class=\"default-col\">\r\n\t\t\t\t\t\t\tVillmergen\t\r\n\t\t\t\t\t\t<\/td>\r\n\t\t\t\t\t\t\t\t\t<\/tr>\r\n\t\t\t\t\t\t\t\t\t\t\t\t<tr class=\"default-row\">\r\n\t\t\t\t\t\t\t\t\t\t\t<td class=\"default-col\">\r\n\t\t\t\t\t\t\tAregger Elektro AG\t\r\n\t\t\t\t\t\t<\/td>\r\n\t\t\t\t\t\t\t\t\t\t\t<td class=\"default-col\">\r\n\t\t\t\t\t\t\tElektroinstallationen\t\r\n\t\t\t\t\t\t<\/td>\r\n\t\t\t\t\t\t\t\t\t\t\t<td class=\"default-col\">\r\n\t\t\t\t\t\t\tCoop Stadelhofen Z\u00fcrich\t\r\n\t\t\t\t\t\t<\/td>\r\n\t\t\t\t\t\t\t\t\t<\/tr>\r\n\t\t\t\t\t\t\t\t\t\t\t\t<tr class=\"default-row\">\r\n\t\t\t\t\t\t\t\t\t\t\t<td class=\"default-col\">\r\n\t\t\t\t\t\t\tAregger Elektro AG\t\r\n\t\t\t\t\t\t<\/td>\r\n\t\t\t\t\t\t\t\t\t\t\t<td class=\"default-col\">\r\n\t\t\t\t\t\t\tKabelzug \/ Drahteinzugkontrolle \/ Fertigmontage \/ Funktionskontrolle\t\r\n\t\t\t\t\t\t<\/td>\r\n\t\t\t\t\t\t\t\t\t\t\t<td class=\"default-col\">\r\n\t\t\t\t\t\t\tResidenz Wengenwett \/ BE\t\r\n\t\t\t\t\t\t<\/td>\r\n\t\t\t\t\t\t\t\t\t<\/tr>\r\n\t\t\t\t\t\t\t\t\t\t\t\t<tr class=\"default-row\">\r\n\t\t\t\t\t\t\t\t\t\t\t<td class=\"default-col\">\r\n\t\t\t\t\t\t\tAregger Elektro AG\t\r\n\t\t\t\t\t\t<\/td>\r\n\t\t\t\t\t\t\t\t\t\t\t<td class=\"default-col\">\r\n\t\t\t\t\t\t\tLampenschienenmontage Notbeleuchtung\t\r\n\t\t\t\t\t\t<\/td>\r\n\t\t\t\t\t\t\t\t\t\t\t<td class=\"default-col\">\r\n\t\t\t\t\t\t\tAldi Willisau\t\r\n\t\t\t\t\t\t<\/td>\r\n\t\t\t\t\t\t\t\t\t<\/tr>\r\n\t\t\t\t\t\t\t\t\t\t\t\t<tr class=\"default-row\">\r\n\t\t\t\t\t\t\t\t\t\t\t<td class=\"default-col\">\r\n\t\t\t\t\t\t\tARGE Elektro Messe Basel \t\r\n\t\t\t\t\t\t<\/td>\r\n\t\t\t\t\t\t\t\t\t\t\t<td class=\"default-col\">\r\n\t\t\t\t\t\t\tKabelbahnmontage Lampenschienenmontage Rohrmontage\t\r\n\t\t\t\t\t\t<\/td>\r\n\t\t\t\t\t\t\t\t\t\t\t<td class=\"default-col\">\r\n\t\t\t\t\t\t\tMesse Basel\t\r\n\t\t\t\t\t\t<\/td>\r\n\t\t\t\t\t\t\t\t\t<\/tr>\r\n\t\t\t\t\t\t\t\t\t\t\t\t<tr class=\"default-row\">\r\n\t\t\t\t\t\t\t\t\t\t\t<td class=\"default-col\">\r\n\t\t\t\t\t\t\tAZ Elektro AG\t\r\n\t\t\t\t\t\t<\/td>\r\n\t\t\t\t\t\t\t\t\t\t\t<td class=\"default-col\">\r\n\t\t\t\t\t\t\tLampenschienenmontage Allurohrmontage\t\r\n\t\t\t\t\t\t<\/td>\r\n\t\t\t\t\t\t\t\t\t\t\t<td class=\"default-col\">\r\n\t\t\t\t\t\t\tRechenzentrum OiZ Hagenholstr. 110\t\r\n\t\t\t\t\t\t<\/td>\r\n\t\t\t\t\t\t\t\t\t<\/tr>\r\n\t\t\t\t\t\t\t\t\t\t\t\t<tr class=\"default-row\">\r\n\t\t\t\t\t\t\t\t\t\t\t<td class=\"default-col\">\r\n\t\t\t\t\t\t\tAZ Elektro AG\t\r\n\t\t\t\t\t\t<\/td>\r\n\t\t\t\t\t\t\t\t\t\t\t<td class=\"default-col\">\r\n\t\t\t\t\t\t\tKabelzug   UKV\t\r\n\t\t\t\t\t\t<\/td>\r\n\t\t\t\t\t\t\t\t\t\t\t<td class=\"default-col\">\r\n\t\t\t\t\t\t\tERZ Hagenholz Z\u00fcrich\t\r\n\t\t\t\t\t\t<\/td>\r\n\t\t\t\t\t\t\t\t\t<\/tr>\r\n\t\t\t\t\t\t\t\t\t\t\t\t<tr class=\"default-row\">\r\n\t\t\t\t\t\t\t\t\t\t\t<td class=\"default-col\">\r\n\t\t\t\t\t\t\tAZ Elektro AG\t\r\n\t\t\t\t\t\t<\/td>\r\n\t\t\t\t\t\t\t\t\t\t\t<td class=\"default-col\">\r\n\t\t\t\t\t\t\tInstallation Heizung \/ Beleuchtungsmontage\t\r\n\t\t\t\t\t\t<\/td>\r\n\t\t\t\t\t\t\t\t\t\t\t<td class=\"default-col\">\r\n\t\t\t\t\t\t\tMarkthalle Basel\t\r\n\t\t\t\t\t\t<\/td>\r\n\t\t\t\t\t\t\t\t\t<\/tr>\r\n\t\t\t\t\t\t\t\t\t\t\t\t<tr class=\"default-row\">\r\n\t\t\t\t\t\t\t\t\t\t\t<td class=\"default-col\">\r\n\t\t\t\t\t\t\tBr\u00fcckner Malergesch\u00e4ft \t\r\n\t\t\t\t\t\t<\/td>\r\n\t\t\t\t\t\t\t\t\t\t\t<td class=\"default-col\">\r\n\t\t\t\t\t\t\tMalerarbeiten\t\r\n\t\t\t\t\t\t<\/td>\r\n\t\t\t\t\t\t\t\t\t\t\t<td class=\"default-col\">\r\n\t\t\t\t\t\t\tR\u00fcschistrasse 17, 8037 Z\u00fcrich\t\r\n\t\t\t\t\t\t<\/td>\r\n\t\t\t\t\t\t\t\t\t<\/tr>\r\n\t\t\t\t\t\t\t\t\t\t\t\t<tr class=\"default-row\">\r\n\t\t\t\t\t\t\t\t\t\t\t<td class=\"default-col\">\r\n\t\t\t\t\t\t\tElektro Scherzinger \t\r\n\t\t\t\t\t\t<\/td>\r\n\t\t\t\t\t\t\t\t\t\t\t<td class=\"default-col\">\r\n\t\t\t\t\t\t\tDiv. Demontage\t\r\n\t\t\t\t\t\t<\/td>\r\n\t\t\t\t\t\t\t\t\t\t\t<td class=\"default-col\">\r\n\t\t\t\t\t\t\tAltenhoferstrasse 39\t\r\n\t\t\t\t\t\t<\/td>\r\n\t\t\t\t\t\t\t\t\t<\/tr>\r\n\t\t\t\t\t\t\t\t\t\t\t\t<tr class=\"default-row\">\r\n\t\t\t\t\t\t\t\t\t\t\t<td class=\"default-col\">\r\n\t\t\t\t\t\t\tElektro Scherzinger \t\r\n\t\t\t\t\t\t<\/td>\r\n\t\t\t\t\t\t\t\t\t\t\t<td class=\"default-col\">\r\n\t\t\t\t\t\t\tDiv. Inst. Und Demontagearbeiten\t\r\n\t\t\t\t\t\t<\/td>\r\n\t\t\t\t\t\t\t\t\t\t\t<td class=\"default-col\">\r\n\t\t\t\t\t\t\tGesch\u00e4ftshaus D\u00f6rflistrasse Z\u00fcrich\t\r\n\t\t\t\t\t\t<\/td>\r\n\t\t\t\t\t\t\t\t\t<\/tr>\r\n\t\t\t\t\t\t\t\t\t\t\t\t<tr class=\"default-row\">\r\n\t\t\t\t\t\t\t\t\t\t\t<td class=\"default-col\">\r\n\t\t\t\t\t\t\tElektro Z\u00fcrichsee AG\t\r\n\t\t\t\t\t\t<\/td>\r\n\t\t\t\t\t\t\t\t\t\t\t<td class=\"default-col\">\r\n\t\t\t\t\t\t\tKabelbahnmontage Rohbau\t\r\n\t\t\t\t\t\t<\/td>\r\n\t\t\t\t\t\t\t\t\t\t\t<td class=\"default-col\">\r\n\t\t\t\t\t\t\tHardgutstrasse 18-22\t\r\n\t\t\t\t\t\t<\/td>\r\n\t\t\t\t\t\t\t\t\t<\/tr>\r\n\t\t\t\t\t\t\t\t\t\t\t\t<tr class=\"default-row\">\r\n\t\t\t\t\t\t\t\t\t\t\t<td class=\"default-col\">\r\n\t\t\t\t\t\t\tEtavis AG\t\r\n\t\t\t\t\t\t<\/td>\r\n\t\t\t\t\t\t\t\t\t\t\t<td class=\"default-col\">\r\n\t\t\t\t\t\t\tElektroinstallationen HLKS\/L\u00fcftung Green\t\r\n\t\t\t\t\t\t<\/td>\r\n\t\t\t\t\t\t\t\t\t\t\t<td class=\"default-col\">\r\n\t\t\t\t\t\t\tSwisscom Herdern\t\r\n\t\t\t\t\t\t<\/td>\r\n\t\t\t\t\t\t\t\t\t<\/tr>\r\n\t\t\t\t\t\t\t\t\t\t\t\t<tr class=\"default-row\">\r\n\t\t\t\t\t\t\t\t\t\t\t<td class=\"default-col\">\r\n\t\t\t\t\t\t\tEtavis AG\t\r\n\t\t\t\t\t\t<\/td>\r\n\t\t\t\t\t\t\t\t\t\t\t<td class=\"default-col\">\r\n\t\t\t\t\t\t\tKabelbahnmontage Lampenschienenmontage\t\r\n\t\t\t\t\t\t<\/td>\r\n\t\t\t\t\t\t\t\t\t\t\t<td class=\"default-col\">\r\n\t\t\t\t\t\t\tMedia Markt Aigle\t\r\n\t\t\t\t\t\t<\/td>\r\n\t\t\t\t\t\t\t\t\t<\/tr>\r\n\t\t\t\t\t\t\t\t\t\t\t\t<tr class=\"default-row\">\r\n\t\t\t\t\t\t\t\t\t\t\t<td class=\"default-col\">\r\n\t\t\t\t\t\t\tFranz Elektro AG\t\r\n\t\t\t\t\t\t<\/td>\r\n\t\t\t\t\t\t\t\t\t\t\t<td class=\"default-col\">\r\n\t\t\t\t\t\t\tRohbau Drahteinzug Fertigmontage\t\r\n\t\t\t\t\t\t<\/td>\r\n\t\t\t\t\t\t\t\t\t\t\t<td class=\"default-col\">\r\n\t\t\t\t\t\t\tHeugatterstrasse 17\/19\t\r\n\t\t\t\t\t\t<\/td>\r\n\t\t\t\t\t\t\t\t\t<\/tr>\r\n\t\t\t\t\t\t\t\t\t\t\t\t<tr class=\"default-row\">\r\n\t\t\t\t\t\t\t\t\t\t\t<td class=\"default-col\">\r\n\t\t\t\t\t\t\tF\u00fcrst + Z\u00fcnd Elektro AG\t\r\n\t\t\t\t\t\t<\/td>\r\n\t\t\t\t\t\t\t\t\t\t\t<td class=\"default-col\">\r\n\t\t\t\t\t\t\tDrahteinzug\t\r\n\t\t\t\t\t\t<\/td>\r\n\t\t\t\t\t\t\t\t\t\t\t<td class=\"default-col\">\r\n\t\t\t\t\t\t\tRebwiesstrasse 56-64\t\r\n\t\t\t\t\t\t<\/td>\r\n\t\t\t\t\t\t\t\t\t<\/tr>\r\n\t\t\t\t\t\t\t\t\t\t\t\t<tr class=\"default-row\">\r\n\t\t\t\t\t\t\t\t\t\t\t<td class=\"default-col\">\r\n\t\t\t\t\t\t\tHans K. Schibli AG\t\r\n\t\t\t\t\t\t<\/td>\r\n\t\t\t\t\t\t\t\t\t\t\t<td class=\"default-col\">\r\n\t\t\t\t\t\t\tHLKS Anlage\t\r\n\t\t\t\t\t\t<\/td>\r\n\t\t\t\t\t\t\t\t\t\t\t<td class=\"default-col\">\r\n\t\t\t\t\t\t\tEinkaufszentrum Sonnenhof\t\r\n\t\t\t\t\t\t<\/td>\r\n\t\t\t\t\t\t\t\t\t<\/tr>\r\n\t\t\t\t\t\t\t\t\t\t\t\t<tr class=\"default-row\">\r\n\t\t\t\t\t\t\t\t\t\t\t<td class=\"default-col\">\r\n\t\t\t\t\t\t\tJost Brugg AG\t\r\n\t\t\t\t\t\t<\/td>\r\n\t\t\t\t\t\t\t\t\t\t\t<td class=\"default-col\">\r\n\t\t\t\t\t\t\tKabelzug Trasse Montage\t\r\n\t\t\t\t\t\t<\/td>\r\n\t\t\t\t\t\t\t\t\t\t\t<td class=\"default-col\">\r\n\t\t\t\t\t\t\tABB Turgi AG\t\r\n\t\t\t\t\t\t<\/td>\r\n\t\t\t\t\t\t\t\t\t<\/tr>\r\n\t\t\t\t\t\t\t\t\t\t\t\t<tr class=\"default-row\">\r\n\t\t\t\t\t\t\t\t\t\t\t<td class=\"default-col\">\r\n\t\t\t\t\t\t\tJost Brugg AG\t\r\n\t\t\t\t\t\t<\/td>\r\n\t\t\t\t\t\t\t\t\t\t\t<td class=\"default-col\">\r\n\t\t\t\t\t\t\tElektroinstallationen \t\r\n\t\t\t\t\t\t<\/td>\r\n\t\t\t\t\t\t\t\t\t\t\t<td class=\"default-col\">\r\n\t\t\t\t\t\t\tSchiznach Bad\t\r\n\t\t\t\t\t\t<\/td>\r\n\t\t\t\t\t\t\t\t\t<\/tr>\r\n\t\t\t\t\t\t\t\t\t\t\t\t<tr class=\"default-row\">\r\n\t\t\t\t\t\t\t\t\t\t\t<td class=\"default-col\">\r\n\t\t\t\t\t\t\tJost Brugg AG\t\r\n\t\t\t\t\t\t<\/td>\r\n\t\t\t\t\t\t\t\t\t\t\t<td class=\"default-col\">\r\n\t\t\t\t\t\t\tElektroinstallationen \t\r\n\t\t\t\t\t\t<\/td>\r\n\t\t\t\t\t\t\t\t\t\t\t<td class=\"default-col\">\r\n\t\t\t\t\t\t\tKla Meag\t\r\n\t\t\t\t\t\t<\/td>\r\n\t\t\t\t\t\t\t\t\t<\/tr>\r\n\t\t\t\t\t\t\t\t\t\t\t\t<tr class=\"default-row\">\r\n\t\t\t\t\t\t\t\t\t\t\t<td class=\"default-col\">\r\n\t\t\t\t\t\t\tJost Brugg AG\t\r\n\t\t\t\t\t\t<\/td>\r\n\t\t\t\t\t\t\t\t\t\t\t<td class=\"default-col\">\r\n\t\t\t\t\t\t\tBauleitung + Elektroinstallationen \t\r\n\t\t\t\t\t\t<\/td>\r\n\t\t\t\t\t\t\t\t\t\t\t<td class=\"default-col\">\r\n\t\t\t\t\t\t\tMaeg AG Gretzenbach\t\r\n\t\t\t\t\t\t<\/td>\r\n\t\t\t\t\t\t\t\t\t<\/tr>\r\n\t\t\t\t\t\t\t\t\t\t\t\t<tr class=\"default-row\">\r\n\t\t\t\t\t\t\t\t\t\t\t<td class=\"default-col\">\r\n\t\t\t\t\t\t\tJost Brugg AG\t\r\n\t\t\t\t\t\t<\/td>\r\n\t\t\t\t\t\t\t\t\t\t\t<td class=\"default-col\">\r\n\t\t\t\t\t\t\tBauleitung + Elektroinstallationen \t\r\n\t\t\t\t\t\t<\/td>\r\n\t\t\t\t\t\t\t\t\t\t\t<td class=\"default-col\">\r\n\t\t\t\t\t\t\tPSI Villigen\t\r\n\t\t\t\t\t\t<\/td>\r\n\t\t\t\t\t\t\t\t\t<\/tr>\r\n\t\t\t\t\t\t\t\t\t\t\t\t<tr class=\"default-row\">\r\n\t\t\t\t\t\t\t\t\t\t\t<td class=\"default-col\">\r\n\t\t\t\t\t\t\tMobimo Management AG\t\r\n\t\t\t\t\t\t<\/td>\r\n\t\t\t\t\t\t\t\t\t\t\t<td class=\"default-col\">\r\n\t\t\t\t\t\t\tMalerarbeiten\t\r\n\t\t\t\t\t\t<\/td>\r\n\t\t\t\t\t\t\t\t\t\t\t<td class=\"default-col\">\r\n\t\t\t\t\t\t\tMobimo Tower, Z\u00fcrich\t\r\n\t\t\t\t\t\t<\/td>\r\n\t\t\t\t\t\t\t\t\t<\/tr>\r\n\t\t\t\t\t\t\t\t\t\t\t\t<tr class=\"default-row\">\r\n\t\t\t\t\t\t\t\t\t\t\t<td class=\"default-col\">\r\n\t\t\t\t\t\t\tRolf Schlagenhauf AG\t\r\n\t\t\t\t\t\t<\/td>\r\n\t\t\t\t\t\t\t\t\t\t\t<td class=\"default-col\">\r\n\t\t\t\t\t\t\tMalerarbeiten\t\r\n\t\t\t\t\t\t<\/td>\r\n\t\t\t\t\t\t\t\t\t\t\t<td class=\"default-col\">\r\n\t\t\t\t\t\t\tLimmatfeld Baufeld B\t\r\n\t\t\t\t\t\t<\/td>\r\n\t\t\t\t\t\t\t\t\t<\/tr>\r\n\t\t\t\t\t\t\t\t\t\t\t\t<tr class=\"default-row\">\r\n\t\t\t\t\t\t\t\t\t\t\t<td class=\"default-col\">\r\n\t\t\t\t\t\t\tSprecher & Co AG\t\r\n\t\t\t\t\t\t<\/td>\r\n\t\t\t\t\t\t\t\t\t\t\t<td class=\"default-col\">\r\n\t\t\t\t\t\t\tRohbau K\u00fcche + Drahtzug\t\r\n\t\t\t\t\t\t<\/td>\r\n\t\t\t\t\t\t\t\t\t\t\t<td class=\"default-col\">\r\n\t\t\t\t\t\t\tMFH Obere Heslibachstrasse 89\t\r\n\t\t\t\t\t\t<\/td>\r\n\t\t\t\t\t\t\t\t\t<\/tr>\r\n\t\t\t\t\t\t\t\t\t\t\t\t<tr class=\"default-row\">\r\n\t\t\t\t\t\t\t\t\t\t\t<td class=\"default-col\">\r\n\t\t\t\t\t\t\tSprecher & Co AG\t\r\n\t\t\t\t\t\t<\/td>\r\n\t\t\t\t\t\t\t\t\t\t\t<td class=\"default-col\">\r\n\t\t\t\t\t\t\tDraht- und Kabelzeinzug \/ Rohbau\t\r\n\t\t\t\t\t\t<\/td>\r\n\t\t\t\t\t\t\t\t\t\t\t<td class=\"default-col\">\r\n\t\t\t\t\t\t\tDorfstrasse Pfungen\t\r\n\t\t\t\t\t\t<\/td>\r\n\t\t\t\t\t\t\t\t\t<\/tr>\r\n\t\t\t\t\t\t\t\t\t\t\t\t<tr class=\"default-row\">\r\n\t\t\t\t\t\t\t\t\t\t\t<td class=\"default-col\">\r\n\t\t\t\t\t\t\tWeber + Schweizer Immobilien Treuhand \t\r\n\t\t\t\t\t\t<\/td>\r\n\t\t\t\t\t\t\t\t\t\t\t<td class=\"default-col\">\r\n\t\t\t\t\t\t\tMalerarbeiten\t\r\n\t\t\t\t\t\t<\/td>\r\n\t\t\t\t\t\t\t\t\t\t\t<td class=\"default-col\">\r\n\t\t\t\t\t\t\tWehntalerstrasse 298, 8046 Z\u00fcrich\t\r\n\t\t\t\t\t\t<\/td>\r\n\t\t\t\t\t\t\t\t\t<\/tr>\r\n\t\t\t\t\t\t\t\t\t\t\t\t<tr class=\"default-row\">\r\n\t\t\t\t\t\t\t\t\t\t\t<td class=\"default-col\">\r\n\t\t\t\t\t\t\tAZ Elektro AG\t\r\n\t\t\t\t\t\t<\/td>\r\n\t\t\t\t\t\t\t\t\t\t\t<td class=\"default-col\">\r\n\t\t\t\t\t\t\tDrahteinzug \/ Kabeleinzug\t\r\n\t\t\t\t\t\t<\/td>\r\n\t\t\t\t\t\t\t\t\t\t\t<td class=\"default-col\">\r\n\t\t\t\t\t\t\tPrimetower Z\u00fcrich\t\r\n\t\t\t\t\t\t<\/td>\r\n\t\t\t\t\t\t\t\t\t<\/tr>\r\n\t\t\t\t\t\t\t\t\t\t\t\t<tr class=\"default-row\">\r\n\t\t\t\t\t\t\t\t\t\t\t<td class=\"default-col\">\r\n\t\t\t\t\t\t\tBr\u00fcckner Malergesch\u00e4ft \t\r\n\t\t\t\t\t\t<\/td>\r\n\t\t\t\t\t\t\t\t\t\t\t<td class=\"default-col\">\r\n\t\t\t\t\t\t\tMalerarbeiten\t\r\n\t\t\t\t\t\t<\/td>\r\n\t\t\t\t\t\t\t\t\t\t\t<td class=\"default-col\">\r\n\t\t\t\t\t\t\tAustrasse 41, Z\u00fcrich\t\r\n\t\t\t\t\t\t<\/td>\r\n\t\t\t\t\t\t\t\t\t<\/tr>\r\n\t\t\t\t\t\t\t\t\t\t\t\t<tr class=\"default-row\">\r\n\t\t\t\t\t\t\t\t\t\t\t<td class=\"default-col\">\r\n\t\t\t\t\t\t\tEtavis AG\t\r\n\t\t\t\t\t\t<\/td>\r\n\t\t\t\t\t\t\t\t\t\t\t<td class=\"default-col\">\r\n\t\t\t\t\t\t\tMontageteam unter F\u00fchrung von Bauleitendem Elektromonteur\t\r\n\t\t\t\t\t\t<\/td>\r\n\t\t\t\t\t\t\t\t\t\t\t<td class=\"default-col\">\r\n\t\t\t\t\t\t\tSUVA Luzern\t\r\n\t\t\t\t\t\t<\/td>\r\n\t\t\t\t\t\t\t\t\t<\/tr>\r\n\t\t\t\t\t\t\t\t\t\t\t\t<tr class=\"default-row\">\r\n\t\t\t\t\t\t\t\t\t\t\t<td class=\"default-col\">\r\n\t\t\t\t\t\t\tAZ Elektro AG\t\r\n\t\t\t\t\t\t<\/td>\r\n\t\t\t\t\t\t\t\t\t\t\t<td class=\"default-col\">\r\n\t\t\t\t\t\t\tKabelzug + Montageteam unter F\u00fchrung von Bauleitendem Elektromonteur\t\r\n\t\t\t\t\t\t<\/td>\r\n\t\t\t\t\t\t\t\t\t\t\t<td class=\"default-col\">\r\n\t\t\t\t\t\t\tSBB \t\r\n\t\t\t\t\t\t<\/td>\r\n\t\t\t\t\t\t\t\t\t<\/tr>\r\n\t\t\t\t\t\t<\/table>\r\n<\/div><\/div><\/div>\r\n\r\n            <\/div>\r\n<\/section>\r\n\n","protected":false},"excerpt":{"rendered":"<p>Reference 2011 We would be happy to provide private references upon request. Owner \/ Client Type of work Object AMD Technik GmbH Drahteinzug Ernastrasse Sihlfeldstrasse ZH AMD Technik GmbH Drahteinzug Rohbau Fertigmontage Villmergen Aregger Elektro AG Elektroinstallationen Coop Stadelhofen Z\u00fcrich Aregger Elektro AG Kabelzug \/ Drahteinzugkontrolle \/ Fertigmontage \/ Funktionskontrolle Residenz Wengenwett \/ BE Aregger [&hellip;]<\/p>\n","protected":false},"author":1,"featured_media":0,"parent":0,"menu_order":0,"comment_status":"closed","ping_status":"closed","template":"","meta":{"footnotes":""},"class_list":["post-318","page","type-page","status-publish","hentry"],"_links":{"self":[{"href":"https:\/\/apollobautechnik.ch\/en\/wp-json\/wp\/v2\/pages\/318","targetHints":{"allow":["GET"]}}],"collection":[{"href":"https:\/\/apollobautechnik.ch\/en\/wp-json\/wp\/v2\/pages"}],"about":[{"href":"https:\/\/apollobautechnik.ch\/en\/wp-json\/wp\/v2\/types\/page"}],"author":[{"embeddable":true,"href":"https:\/\/apollobautechnik.ch\/en\/wp-json\/wp\/v2\/users\/1"}],"replies":[{"embeddable":true,"href":"https:\/\/apollobautechnik.ch\/en\/wp-json\/wp\/v2\/comments?post=318"}],"version-history":[{"count":11,"href":"https:\/\/apollobautechnik.ch\/en\/wp-json\/wp\/v2\/pages\/318\/revisions"}],"predecessor-version":[{"id":1741,"href":"https:\/\/apollobautechnik.ch\/en\/wp-json\/wp\/v2\/pages\/318\/revisions\/1741"}],"wp:attachment":[{"href":"https:\/\/apollobautechnik.ch\/en\/wp-json\/wp\/v2\/media?parent=318"}],"curies":[{"name":"wp","href":"https:\/\/api.w.org\/{rel}","templated":true}]}}