{"id":325,"date":"2019-07-19T06:36:23","date_gmt":"2019-07-19T06:36:23","guid":{"rendered":"http:\/\/apollobautechnik.ch\/?page_id=325"},"modified":"2024-11-05T14:12:23","modified_gmt":"2024-11-05T14:12:23","slug":"reference-2013","status":"publish","type":"page","link":"https:\/\/apollobautechnik.ch\/en\/reference-2013\/","title":{"rendered":"Reference 2013"},"content":{"rendered":"<section id=\"section-referenzen\" class=\"main-row \"  >\r\n    <div class=\"container\">\r\n                    <div class=\"row\">\r\n\t<div class=\"col-md-12 col-xs-12\" >\r\n\t<div class=\"fw-heading fw-heading-h2 fw-heading-center\">\r\n\t\t<h2 class='fw-special-title'>Reference 2013<\/h2>\t<\/div>\r\n              <div class=\"private-ref\">\r\n                  <p>We would be happy to provide private references upon request.<\/p>              <\/div>\r\n<div class=\"fw-table\">\r\n\t<table>\r\n\t\t\t\t\t\t\t\t\t<thead>\r\n\t\t\t\t\t<tr class=\"heading-row\">\r\n\t\t\t\t\t\t\t\t\t\t\t\t\t<th class=\"default-col\">\r\n\t\t\t\t\t\t\t\tOwner \/ Client \r\n\t\t\t\t\t\t\t<\/th>\r\n\t\t\t\t\t\t\t\t\t\t\t\t\t<th class=\"default-col\">\r\n\t\t\t\t\t\t\t\tType of work\r\n\t\t\t\t\t\t\t<\/th>\r\n\t\t\t\t\t\t\t\t\t\t\t\t\t<th class=\"default-col\">\r\n\t\t\t\t\t\t\t\tObject\r\n\t\t\t\t\t\t\t<\/th>\r\n\t\t\t\t\t\t\t\t\t\t\t<\/tr>\r\n\t\t\t\t<\/thead>\r\n\t\t\t\t\t\t\t\t\t\t\t\t<tr class=\"default-row\">\r\n\t\t\t\t\t\t\t\t\t\t\t<td class=\"default-col\">\r\n\t\t\t\t\t\t\tAZ Elektro AG\t\r\n\t\t\t\t\t\t<\/td>\r\n\t\t\t\t\t\t\t\t\t\t\t<td class=\"default-col\">\r\n\t\t\t\t\t\t\tRohbau + Drahteinzug\t\r\n\t\t\t\t\t\t<\/td>\r\n\t\t\t\t\t\t\t\t\t\t\t<td class=\"default-col\">\r\n\t\t\t\t\t\t\tBucheggstrasse 28, Z\u00fcrich\t\r\n\t\t\t\t\t\t<\/td>\r\n\t\t\t\t\t\t\t\t\t<\/tr>\r\n\t\t\t\t\t\t\t\t\t\t\t\t<tr class=\"default-row\">\r\n\t\t\t\t\t\t\t\t\t\t\t<td class=\"default-col\">\r\n\t\t\t\t\t\t\tAZ Elektro AG\t\r\n\t\t\t\t\t\t<\/td>\r\n\t\t\t\t\t\t\t\t\t\t\t<td class=\"default-col\">\r\n\t\t\t\t\t\t\tUKV + HLKS Installation \/ Kabelanschl\u00fcsse\t\r\n\t\t\t\t\t\t<\/td>\r\n\t\t\t\t\t\t\t\t\t\t\t<td class=\"default-col\">\r\n\t\t\t\t\t\t\tEquinix Z\u00fcrich 5.1\t\r\n\t\t\t\t\t\t<\/td>\r\n\t\t\t\t\t\t\t\t\t<\/tr>\r\n\t\t\t\t\t\t\t\t\t\t\t\t<tr class=\"default-row\">\r\n\t\t\t\t\t\t\t\t\t\t\t<td class=\"default-col\">\r\n\t\t\t\t\t\t\tBE Electric AG\t\r\n\t\t\t\t\t\t<\/td>\r\n\t\t\t\t\t\t\t\t\t\t\t<td class=\"default-col\">\r\n\t\t\t\t\t\t\tElektroinstallationen\t\r\n\t\t\t\t\t\t<\/td>\r\n\t\t\t\t\t\t\t\t\t\t\t<td class=\"default-col\">\r\n\t\t\t\t\t\t\tSeegartenstrasse 74\t\r\n\t\t\t\t\t\t<\/td>\r\n\t\t\t\t\t\t\t\t\t<\/tr>\r\n\t\t\t\t\t\t\t\t\t\t\t\t<tr class=\"default-row\">\r\n\t\t\t\t\t\t\t\t\t\t\t<td class=\"default-col\">\r\n\t\t\t\t\t\t\tBE Electric AG\t\r\n\t\t\t\t\t\t<\/td>\r\n\t\t\t\t\t\t\t\t\t\t\t<td class=\"default-col\">\r\n\t\t\t\t\t\t\tMontageteam unter F\u00fchrung von Bauleitendem Elektromonteur\t\r\n\t\t\t\t\t\t<\/td>\r\n\t\t\t\t\t\t\t\t\t\t\t<td class=\"default-col\">\r\n\t\t\t\t\t\t\tHirslanden\t\r\n\t\t\t\t\t\t<\/td>\r\n\t\t\t\t\t\t\t\t\t<\/tr>\r\n\t\t\t\t\t\t\t\t\t\t\t\t<tr class=\"default-row\">\r\n\t\t\t\t\t\t\t\t\t\t\t<td class=\"default-col\">\r\n\t\t\t\t\t\t\tBellevue Medical Center\t\r\n\t\t\t\t\t\t<\/td>\r\n\t\t\t\t\t\t\t\t\t\t\t<td class=\"default-col\">\r\n\t\t\t\t\t\t\tElektro Anlagen \/ Innere Malerarbeiten\t\r\n\t\t\t\t\t\t<\/td>\r\n\t\t\t\t\t\t\t\t\t\t\t<td class=\"default-col\">\r\n\t\t\t\t\t\t\tNeugestaltung 2. OG Bellevue Medical Center\t\r\n\t\t\t\t\t\t<\/td>\r\n\t\t\t\t\t\t\t\t\t<\/tr>\r\n\t\t\t\t\t\t\t\t\t\t\t\t<tr class=\"default-row\">\r\n\t\t\t\t\t\t\t\t\t\t\t<td class=\"default-col\">\r\n\t\t\t\t\t\t\tElektro Z\u00fcrichsee AG\t\r\n\t\t\t\t\t\t<\/td>\r\n\t\t\t\t\t\t\t\t\t\t\t<td class=\"default-col\">\r\n\t\t\t\t\t\t\tDraht- und Kabeleinz\u00fcge\t\r\n\t\t\t\t\t\t<\/td>\r\n\t\t\t\t\t\t\t\t\t\t\t<td class=\"default-col\">\r\n\t\t\t\t\t\t\tMFH Schwandelstrasse 13, 8800 Thalwil\t\r\n\t\t\t\t\t\t<\/td>\r\n\t\t\t\t\t\t\t\t\t<\/tr>\r\n\t\t\t\t\t\t\t\t\t\t\t\t<tr class=\"default-row\">\r\n\t\t\t\t\t\t\t\t\t\t\t<td class=\"default-col\">\r\n\t\t\t\t\t\t\tElektrob\u00e4r\t\r\n\t\t\t\t\t\t<\/td>\r\n\t\t\t\t\t\t\t\t\t\t\t<td class=\"default-col\">\r\n\t\t\t\t\t\t\tKabelzug\t\r\n\t\t\t\t\t\t<\/td>\r\n\t\t\t\t\t\t\t\t\t\t\t<td class=\"default-col\">\r\n\t\t\t\t\t\t\tZellwegerpark Uster\t\r\n\t\t\t\t\t\t<\/td>\r\n\t\t\t\t\t\t\t\t\t<\/tr>\r\n\t\t\t\t\t\t\t\t\t\t\t\t<tr class=\"default-row\">\r\n\t\t\t\t\t\t\t\t\t\t\t<td class=\"default-col\">\r\n\t\t\t\t\t\t\tEtavis AG\t\r\n\t\t\t\t\t\t<\/td>\r\n\t\t\t\t\t\t\t\t\t\t\t<td class=\"default-col\">\r\n\t\t\t\t\t\t\tElektroinstallationen\t\r\n\t\t\t\t\t\t<\/td>\r\n\t\t\t\t\t\t\t\t\t\t\t<td class=\"default-col\">\r\n\t\t\t\t\t\t\tAllianz Suisse, Wallisellen\t\r\n\t\t\t\t\t\t<\/td>\r\n\t\t\t\t\t\t\t\t\t<\/tr>\r\n\t\t\t\t\t\t\t\t\t\t\t\t<tr class=\"default-row\">\r\n\t\t\t\t\t\t\t\t\t\t\t<td class=\"default-col\">\r\n\t\t\t\t\t\t\tJost Frick AG\t\r\n\t\t\t\t\t\t<\/td>\r\n\t\t\t\t\t\t\t\t\t\t\t<td class=\"default-col\">\r\n\t\t\t\t\t\t\tElektroinstallationen\t\r\n\t\t\t\t\t\t<\/td>\r\n\t\t\t\t\t\t\t\t\t\t\t<td class=\"default-col\">\r\n\t\t\t\t\t\t\tH\u00e4ning Eiken\t\r\n\t\t\t\t\t\t<\/td>\r\n\t\t\t\t\t\t\t\t\t<\/tr>\r\n\t\t\t\t\t\t\t\t\t\t\t\t<tr class=\"default-row\">\r\n\t\t\t\t\t\t\t\t\t\t\t<td class=\"default-col\">\r\n\t\t\t\t\t\t\tPasquale Pizzarelli\t\r\n\t\t\t\t\t\t<\/td>\r\n\t\t\t\t\t\t\t\t\t\t\t<td class=\"default-col\">\r\n\t\t\t\t\t\t\tR\u00fcckbau Abbruch Elektroanlagen\t\r\n\t\t\t\t\t\t<\/td>\r\n\t\t\t\t\t\t\t\t\t\t\t<td class=\"default-col\">\r\n\t\t\t\t\t\t\tDorfstrasse 50, Weisslingen\t\r\n\t\t\t\t\t\t<\/td>\r\n\t\t\t\t\t\t\t\t\t<\/tr>\r\n\t\t\t\t\t\t\t\t\t\t\t\t<tr class=\"default-row\">\r\n\t\t\t\t\t\t\t\t\t\t\t<td class=\"default-col\">\r\n\t\t\t\t\t\t\tProjektfabrik AG\t\r\n\t\t\t\t\t\t<\/td>\r\n\t\t\t\t\t\t\t\t\t\t\t<td class=\"default-col\">\r\n\t\t\t\t\t\t\tRohbau inkl. Aud\u00fcbeln Fertigmontage + Funktionskontrolle \/ Draht- und Kabeleinzug inkl. Zuleitungen \/ UV Anschl\u00fcsse\t\r\n\t\t\t\t\t\t<\/td>\r\n\t\t\t\t\t\t\t\t\t\t\t<td class=\"default-col\">\r\n\t\t\t\t\t\t\tVillmergen\t\r\n\t\t\t\t\t\t<\/td>\r\n\t\t\t\t\t\t\t\t\t<\/tr>\r\n\t\t\t\t\t\t\t\t\t\t\t\t<tr class=\"default-row\">\r\n\t\t\t\t\t\t\t\t\t\t\t<td class=\"default-col\">\r\n\t\t\t\t\t\t\tSprecher + Co. AG\t\r\n\t\t\t\t\t\t<\/td>\r\n\t\t\t\t\t\t\t\t\t\t\t<td class=\"default-col\">\r\n\t\t\t\t\t\t\tElektroinstallationen\t\r\n\t\t\t\t\t\t<\/td>\r\n\t\t\t\t\t\t\t\t\t\t\t<td class=\"default-col\">\r\n\t\t\t\t\t\t\tBeinwil am See\t\r\n\t\t\t\t\t\t<\/td>\r\n\t\t\t\t\t\t\t\t\t<\/tr>\r\n\t\t\t\t\t\t\t\t\t\t\t\t<tr class=\"default-row\">\r\n\t\t\t\t\t\t\t\t\t\t\t<td class=\"default-col\">\r\n\t\t\t\t\t\t\tAZ Elektro AG\t\r\n\t\t\t\t\t\t<\/td>\r\n\t\t\t\t\t\t\t\t\t\t\t<td class=\"default-col\">\r\n\t\t\t\t\t\t\tHLKS Installationen\t\r\n\t\t\t\t\t\t<\/td>\r\n\t\t\t\t\t\t\t\t\t\t\t<td class=\"default-col\">\r\n\t\t\t\t\t\t\tLUX Building, Glattbrugg\t\r\n\t\t\t\t\t\t<\/td>\r\n\t\t\t\t\t\t\t\t\t<\/tr>\r\n\t\t\t\t\t\t\t\t\t\t\t\t<tr class=\"default-row\">\r\n\t\t\t\t\t\t\t\t\t\t\t<td class=\"default-col\">\r\n\t\t\t\t\t\t\tRene Hofstetter AG\t\r\n\t\t\t\t\t\t<\/td>\r\n\t\t\t\t\t\t\t\t\t\t\t<td class=\"default-col\">\r\n\t\t\t\t\t\t\tKabelbahnmontage\t\r\n\t\t\t\t\t\t<\/td>\r\n\t\t\t\t\t\t\t\t\t\t\t<td class=\"default-col\">\r\n\t\t\t\t\t\t\tM\u00fcllerenstrasse 3, Volketswil\t\r\n\t\t\t\t\t\t<\/td>\r\n\t\t\t\t\t\t\t\t\t<\/tr>\r\n\t\t\t\t\t\t\t\t\t\t\t\t<tr class=\"default-row\">\r\n\t\t\t\t\t\t\t\t\t\t\t<td class=\"default-col\">\r\n\t\t\t\t\t\t\tAZ Elektro AG\t\r\n\t\t\t\t\t\t<\/td>\r\n\t\t\t\t\t\t\t\t\t\t\t<td class=\"default-col\">\r\n\t\t\t\t\t\t\tKabelbahnmontage\t\r\n\t\t\t\t\t\t<\/td>\r\n\t\t\t\t\t\t\t\t\t\t\t<td class=\"default-col\">\r\n\t\t\t\t\t\t\tETH Z\u00fcrich\t\r\n\t\t\t\t\t\t<\/td>\r\n\t\t\t\t\t\t\t\t\t<\/tr>\r\n\t\t\t\t\t\t\t\t\t\t\t\t<tr class=\"default-row\">\r\n\t\t\t\t\t\t\t\t\t\t\t<td class=\"default-col\">\r\n\t\t\t\t\t\t\tSwisspro NW AG\t\r\n\t\t\t\t\t\t<\/td>\r\n\t\t\t\t\t\t\t\t\t\t\t<td class=\"default-col\">\r\n\t\t\t\t\t\t\tLampenschienenmontage \/ Demontage \/ Einzellampenmontage\t\r\n\r\n\t\t\t\t\t\t<\/td>\r\n\t\t\t\t\t\t\t\t\t\t\t<td class=\"default-col\">\r\n\t\t\t\t\t\t\tSBB Bern Weyermannshaus\t\r\n\t\t\t\t\t\t<\/td>\r\n\t\t\t\t\t\t\t\t\t<\/tr>\r\n\t\t\t\t\t\t\t\t\t\t\t\t<tr class=\"default-row\">\r\n\t\t\t\t\t\t\t\t\t\t\t<td class=\"default-col\">\r\n\t\t\t\t\t\t\tNTS Elektroarbeiten AG\t\r\n\t\t\t\t\t\t<\/td>\r\n\t\t\t\t\t\t\t\t\t\t\t<td class=\"default-col\">\r\n\t\t\t\t\t\t\tUKV Anlagen\t\r\n\t\t\t\t\t\t<\/td>\r\n\t\t\t\t\t\t\t\t\t\t\t<td class=\"default-col\">\r\n\t\t\t\t\t\t\tOCC \/ SD\t\r\n\t\t\t\t\t\t<\/td>\r\n\t\t\t\t\t\t\t\t\t<\/tr>\r\n\t\t\t\t\t\t\t\t\t\t\t\t<tr class=\"default-row\">\r\n\t\t\t\t\t\t\t\t\t\t\t<td class=\"default-col\">\r\n\t\t\t\t\t\t\tBE Electric AG\t\r\n\t\t\t\t\t\t<\/td>\r\n\t\t\t\t\t\t\t\t\t\t\t<td class=\"default-col\">\r\n\t\t\t\t\t\t\tElektroinstallationen\t\r\n\t\t\t\t\t\t<\/td>\r\n\t\t\t\t\t\t\t\t\t\t\t<td class=\"default-col\">\r\n\t\t\t\t\t\t\tAmauris de Jesus Gala Peralta\t\r\n\t\t\t\t\t\t<\/td>\r\n\t\t\t\t\t\t\t\t\t<\/tr>\r\n\t\t\t\t\t\t\t\t\t\t\t\t<tr class=\"default-row\">\r\n\t\t\t\t\t\t\t\t\t\t\t<td class=\"default-col\">\r\n\t\t\t\t\t\t\tBE Electric AG\t\r\n\t\t\t\t\t\t<\/td>\r\n\t\t\t\t\t\t\t\t\t\t\t<td class=\"default-col\">\r\n\t\t\t\t\t\t\tElektroinstallationen\t\r\n\t\t\t\t\t\t<\/td>\r\n\t\t\t\t\t\t\t\t\t\t\t<td class=\"default-col\">\r\n\t\t\t\t\t\t\tWeinmanngasse 130\t\r\n\t\t\t\t\t\t<\/td>\r\n\t\t\t\t\t\t\t\t\t<\/tr>\r\n\t\t\t\t\t\t\t\t\t\t\t\t<tr class=\"default-row\">\r\n\t\t\t\t\t\t\t\t\t\t\t<td class=\"default-col\">\r\n\t\t\t\t\t\t\tEtavis AG\t\r\n\t\t\t\t\t\t<\/td>\r\n\t\t\t\t\t\t\t\t\t\t\t<td class=\"default-col\">\r\n\t\t\t\t\t\t\tKabelbahnmontage\t\r\n\t\t\t\t\t\t<\/td>\r\n\t\t\t\t\t\t\t\t\t\t\t<td class=\"default-col\">\r\n\t\t\t\t\t\t\tSwisscom\t\r\n\t\t\t\t\t\t<\/td>\r\n\t\t\t\t\t\t\t\t\t<\/tr>\r\n\t\t\t\t\t\t\t\t\t\t\t\t<tr class=\"default-row\">\r\n\t\t\t\t\t\t\t\t\t\t\t<td class=\"default-col\">\r\n\t\t\t\t\t\t\tJakem \t\r\n\t\t\t\t\t\t<\/td>\r\n\t\t\t\t\t\t\t\t\t\t\t<td class=\"default-col\">\r\n\t\t\t\t\t\t\tKabelbahnmontage\t\r\n\t\t\t\t\t\t<\/td>\r\n\t\t\t\t\t\t\t\t\t\t\t<td class=\"default-col\">\r\n\t\t\t\t\t\t\tHalle ACHO\t\r\n\t\t\t\t\t\t<\/td>\r\n\t\t\t\t\t\t\t\t\t<\/tr>\r\n\t\t\t\t\t\t\t\t\t\t\t\t<tr class=\"default-row\">\r\n\t\t\t\t\t\t\t\t\t\t\t<td class=\"default-col\">\r\n\t\t\t\t\t\t\tSprecher + Co. AG\t\r\n\t\t\t\t\t\t<\/td>\r\n\t\t\t\t\t\t\t\t\t\t\t<td class=\"default-col\">\r\n\t\t\t\t\t\t\tElektroinstallationen\t\r\n\t\t\t\t\t\t<\/td>\r\n\t\t\t\t\t\t\t\t\t\t\t<td class=\"default-col\">\r\n\t\t\t\t\t\t\tMFH Tagelswangen\t\r\n\t\t\t\t\t\t<\/td>\r\n\t\t\t\t\t\t\t\t\t<\/tr>\r\n\t\t\t\t\t\t\t\t\t\t\t\t<tr class=\"default-row\">\r\n\t\t\t\t\t\t\t\t\t\t\t<td class=\"default-col\">\r\n\t\t\t\t\t\t\tElektro Fr\u00f6hli AG\t\r\n\t\t\t\t\t\t<\/td>\r\n\t\t\t\t\t\t\t\t\t\t\t<td class=\"default-col\">\r\n\t\t\t\t\t\t\tLampenmontage\t\r\n\t\t\t\t\t\t<\/td>\r\n\t\t\t\t\t\t\t\t\t\t\t<td class=\"default-col\">\r\n\t\t\t\t\t\t\tTurnhalle\t\r\n\t\t\t\t\t\t<\/td>\r\n\t\t\t\t\t\t\t\t\t<\/tr>\r\n\t\t\t\t\t\t\t\t\t\t\t\t<tr class=\"default-row\">\r\n\t\t\t\t\t\t\t\t\t\t\t<td class=\"default-col\">\r\n\t\t\t\t\t\t\tAZ Elektro AG\t\r\n\t\t\t\t\t\t<\/td>\r\n\t\t\t\t\t\t\t\t\t\t\t<td class=\"default-col\">\r\n\t\t\t\t\t\t\tElektroinstallationen \/ Kabelbahnmontage\t\r\n\t\t\t\t\t\t<\/td>\r\n\t\t\t\t\t\t\t\t\t\t\t<td class=\"default-col\">\r\n\t\t\t\t\t\t\tEFH Z\u00fcrich LEE\t\r\n\t\t\t\t\t\t<\/td>\r\n\t\t\t\t\t\t\t\t\t<\/tr>\r\n\t\t\t\t\t\t\t\t\t\t\t\t<tr class=\"default-row\">\r\n\t\t\t\t\t\t\t\t\t\t\t<td class=\"default-col\">\r\n\t\t\t\t\t\t\tLBT Liegenschaftenbetruungs AG\t\r\n\t\t\t\t\t\t<\/td>\r\n\t\t\t\t\t\t\t\t\t\t\t<td class=\"default-col\">\r\n\t\t\t\t\t\t\tMaler \t\r\n\t\t\t\t\t\t<\/td>\r\n\t\t\t\t\t\t\t\t\t\t\t<td class=\"default-col\">\r\n\t\t\t\t\t\t\tTiefgarage Carbahaus\t\r\n\t\t\t\t\t\t<\/td>\r\n\t\t\t\t\t\t\t\t\t<\/tr>\r\n\t\t\t\t\t\t\t\t\t\t\t\t<tr class=\"default-row\">\r\n\t\t\t\t\t\t\t\t\t\t\t<td class=\"default-col\">\r\n\t\t\t\t\t\t\tElektro Z\u00fcrichsee AG\t\r\n\t\t\t\t\t\t<\/td>\r\n\t\t\t\t\t\t\t\t\t\t\t<td class=\"default-col\">\r\n\t\t\t\t\t\t\tRohbauarbeiten\t\r\n\t\t\t\t\t\t<\/td>\r\n\t\t\t\t\t\t\t\t\t\t\t<td class=\"default-col\">\r\n\t\t\t\t\t\t\tEFH Eser, Hochstrasse 93\t\r\n\t\t\t\t\t\t<\/td>\r\n\t\t\t\t\t\t\t\t\t<\/tr>\r\n\t\t\t\t\t\t\t\t\t\t\t\t<tr class=\"default-row\">\r\n\t\t\t\t\t\t\t\t\t\t\t<td class=\"default-col\">\r\n\t\t\t\t\t\t\tElektro Fr\u00f6hli AG\t\r\n\t\t\t\t\t\t<\/td>\r\n\t\t\t\t\t\t\t\t\t\t\t<td class=\"default-col\">\r\n\t\t\t\t\t\t\tKabelbahnmontage\t\r\n\t\t\t\t\t\t<\/td>\r\n\t\t\t\t\t\t\t\t\t\t\t<td class=\"default-col\">\r\n\t\t\t\t\t\t\tNB Diethelm\t\r\n\t\t\t\t\t\t<\/td>\r\n\t\t\t\t\t\t\t\t\t<\/tr>\r\n\t\t\t\t\t\t\t\t\t\t\t\t<tr class=\"default-row\">\r\n\t\t\t\t\t\t\t\t\t\t\t<td class=\"default-col\">\r\n\t\t\t\t\t\t\tElektro Z\u00fcrichsee AG\t\r\n\t\t\t\t\t\t<\/td>\r\n\t\t\t\t\t\t\t\t\t\t\t<td class=\"default-col\">\r\n\t\t\t\t\t\t\tElektroinstallationen\t\r\n\t\t\t\t\t\t<\/td>\r\n\t\t\t\t\t\t\t\t\t\t\t<td class=\"default-col\">\r\n\t\t\t\t\t\t\tEichstrasse Kilchberg\t\r\n\t\t\t\t\t\t<\/td>\r\n\t\t\t\t\t\t\t\t\t<\/tr>\r\n\t\t\t\t\t\t\t\t\t\t\t\t<tr class=\"default-row\">\r\n\t\t\t\t\t\t\t\t\t\t\t<td class=\"default-col\">\r\n\t\t\t\t\t\t\tMelcom AG\t\r\n\t\t\t\t\t\t<\/td>\r\n\t\t\t\t\t\t\t\t\t\t\t<td class=\"default-col\">\r\n\t\t\t\t\t\t\tElektroinstallationen\t\r\n\t\t\t\t\t\t<\/td>\r\n\t\t\t\t\t\t\t\t\t\t\t<td class=\"default-col\">\r\n\t\t\t\t\t\t\tCamions Transport R\u00fcmlang\t\r\n\t\t\t\t\t\t<\/td>\r\n\t\t\t\t\t\t\t\t\t<\/tr>\r\n\t\t\t\t\t\t\t\t\t\t\t\t<tr class=\"default-row\">\r\n\t\t\t\t\t\t\t\t\t\t\t<td class=\"default-col\">\r\n\t\t\t\t\t\t\tElektro Fr\u00f6hli AG\t\r\n\t\t\t\t\t\t<\/td>\r\n\t\t\t\t\t\t\t\t\t\t\t<td class=\"default-col\">\r\n\t\t\t\t\t\t\tElektroinstallationen\t\r\n\t\t\t\t\t\t<\/td>\r\n\t\t\t\t\t\t\t\t\t\t\t<td class=\"default-col\">\r\n\t\t\t\t\t\t\tDiethelm AG, Altweg 2\t\r\n\t\t\t\t\t\t<\/td>\r\n\t\t\t\t\t\t\t\t\t<\/tr>\r\n\t\t\t\t\t\t\t\t\t\t\t\t<tr class=\"default-row\">\r\n\t\t\t\t\t\t\t\t\t\t\t<td class=\"default-col\">\r\n\t\t\t\t\t\t\tPalmieri Baumanagement GmbH\t\r\n\t\t\t\t\t\t<\/td>\r\n\t\t\t\t\t\t\t\t\t\t\t<td class=\"default-col\">\r\n\t\t\t\t\t\t\tAbbrucharbeiten\t\r\n\t\t\t\t\t\t<\/td>\r\n\t\t\t\t\t\t\t\t\t\t\t<td class=\"default-col\">\r\n\t\t\t\t\t\t\tTraugottstrasse 6, Zz\u00fcrich\t\r\n\t\t\t\t\t\t<\/td>\r\n\t\t\t\t\t\t\t\t\t<\/tr>\r\n\t\t\t\t\t\t\t\t\t\t\t\t<tr class=\"default-row\">\r\n\t\t\t\t\t\t\t\t\t\t\t<td class=\"default-col\">\r\n\t\t\t\t\t\t\tARGE Jost Brugg AG\t\r\n\t\t\t\t\t\t<\/td>\r\n\t\t\t\t\t\t\t\t\t\t\t<td class=\"default-col\">\r\n\t\t\t\t\t\t\tElektroinstallationen\t\r\n\t\t\t\t\t\t<\/td>\r\n\t\t\t\t\t\t\t\t\t\t\t<td class=\"default-col\">\r\n\t\t\t\t\t\t\tFHNW Brugg-Windisch\t\r\n\t\t\t\t\t\t<\/td>\r\n\t\t\t\t\t\t\t\t\t<\/tr>\r\n\t\t\t\t\t\t<\/table>\r\n<\/div><\/div><\/div>\r\n\r\n            <\/div>\r\n<\/section>\r\n\n","protected":false},"excerpt":{"rendered":"<p>Reference 2013 We would be happy to provide private references upon request. Owner \/ Client Type of work Object AZ Elektro AG Rohbau + Drahteinzug Bucheggstrasse 28, Z\u00fcrich AZ Elektro AG UKV + HLKS Installation \/ Kabelanschl\u00fcsse Equinix Z\u00fcrich 5.1 BE Electric AG Elektroinstallationen Seegartenstrasse 74 BE Electric AG Montageteam unter F\u00fchrung von Bauleitendem Elektromonteur [&hellip;]<\/p>\n","protected":false},"author":1,"featured_media":0,"parent":0,"menu_order":0,"comment_status":"closed","ping_status":"closed","template":"","meta":{"footnotes":""},"class_list":["post-325","page","type-page","status-publish","hentry"],"_links":{"self":[{"href":"https:\/\/apollobautechnik.ch\/en\/wp-json\/wp\/v2\/pages\/325","targetHints":{"allow":["GET"]}}],"collection":[{"href":"https:\/\/apollobautechnik.ch\/en\/wp-json\/wp\/v2\/pages"}],"about":[{"href":"https:\/\/apollobautechnik.ch\/en\/wp-json\/wp\/v2\/types\/page"}],"author":[{"embeddable":true,"href":"https:\/\/apollobautechnik.ch\/en\/wp-json\/wp\/v2\/users\/1"}],"replies":[{"embeddable":true,"href":"https:\/\/apollobautechnik.ch\/en\/wp-json\/wp\/v2\/comments?post=325"}],"version-history":[{"count":11,"href":"https:\/\/apollobautechnik.ch\/en\/wp-json\/wp\/v2\/pages\/325\/revisions"}],"predecessor-version":[{"id":1745,"href":"https:\/\/apollobautechnik.ch\/en\/wp-json\/wp\/v2\/pages\/325\/revisions\/1745"}],"wp:attachment":[{"href":"https:\/\/apollobautechnik.ch\/en\/wp-json\/wp\/v2\/media?parent=325"}],"curies":[{"name":"wp","href":"https:\/\/api.w.org\/{rel}","templated":true}]}}